{"id":2513,"date":"2021-05-03T10:15:34","date_gmt":"2021-05-03T08:15:34","guid":{"rendered":"https:\/\/creation.jungo.fr\/?page_id=2513"},"modified":"2024-10-29T09:53:54","modified_gmt":"2024-10-29T08:53:54","slug":"mentions-legales","status":"publish","type":"page","link":"https:\/\/jungo.eu\/fr\/mentions-legales\/","title":{"rendered":"Mentions l\u00e9gales"},"content":{"rendered":"\t\t<div data-elementor-type=\"wp-page\" data-elementor-id=\"2513\" class=\"elementor elementor-2513\" data-elementor-post-type=\"page\">\n\t\t\t\t\t\t<section class=\"elementor-section elementor-top-section elementor-element elementor-element-d4fcd7e elementor-section-boxed elementor-section-height-default elementor-section-height-default\" data-id=\"d4fcd7e\" data-element_type=\"section\" data-e-type=\"section\">\n\t\t\t\t\t\t<div class=\"elementor-container elementor-column-gap-default\">\n\t\t\t\t\t<div class=\"elementor-column elementor-col-100 elementor-top-column elementor-element elementor-element-729a7ae\" data-id=\"729a7ae\" data-element_type=\"column\" data-e-type=\"column\">\n\t\t\t<div class=\"elementor-widget-wrap elementor-element-populated\">\n\t\t\t\t\t\t<div class=\"elementor-element elementor-element-8b1a865 elementor-widget elementor-widget-text-editor\" data-id=\"8b1a865\" data-element_type=\"widget\" data-e-type=\"widget\" data-widget_type=\"text-editor.default\">\n\t\t\t\t<div class=\"elementor-widget-container\">\n\t\t\t\t\t\t\t\t\t<p><strong>FORMALITES DE DECLARATION<\/strong><\/p>\n<p>Conform\u00e9ment \u00e0 la D\u00e9lib\u00e9ration n\u00b02006-138 du 9 mai 2006 d\u00e9cidant de la dispense de d\u00e9claration des traitements constitu\u00e9s \u00e0 des fins d\u2019information ou de communication externe (Dispense n\u00b07), nous vous informons que ce site respecte les obligations \u00e9labor\u00e9es par la C.N.I.L. dans le strict cadre de cette dispense.<\/p>\n<p><br>\n<strong>LOI INFORMATIQUE ET LIBERTES<\/strong><\/p>\n<p>Conform\u00e9ment \u00e0 la loi Informatique et libert\u00e9s du 6 janvier 1978, nous vous informons que vous disposez d\u2019un droit d\u2019acc\u00e8s, de modification, de rectification et de suppression de votre contribution. Pour exercer ce droit, merci de bien vouloir \u00e9crire : ICEE-JUNGO AG Seeblick 1 Cham Suisse<\/p>\n<p><strong>DROITS D&rsquo;AUTEUR<\/strong><\/p>\n<p>L&rsquo;ensemble de ce site rel\u00e8ve des l\u00e9gislations fran\u00e7aises et internationales sur les droits d&rsquo;auteurs et la propri\u00e9t\u00e9 intellectuelle. Tous droits de reproduction sont r\u00e9serv\u00e9s pour les textes, les graphismes et les photos de ce site. La reproduction de tout ou partie de ce site sur un support \u00e9lectronique ou tout autre support quel qu&rsquo;il soit est formellement interdite. Le non-respect de cette interdiction constitue une contrefa\u00e7on pouvant engager la responsabilit\u00e9 civile et p\u00e9nale du contrefacteur. Les informations contenues dans ce site sont non contractuelles et sujettes \u00e0 modification sans pr\u00e9avis.<\/p>\n<p><strong>Tous droits r\u00e9serv\u00e9s<\/strong><br>\n<br>\nICEE-JUNGO AG&nbsp;<br>\nB\u00f6sch 37,<br>\nCH-6331 H\u00fcnenberg<br>\nSUISSE<\/p>\n<p>PDG : <strong>Nicolas Jungo<\/strong><\/p>\n<p><strong>CONCEPTION DU SITE<\/strong><br>\nWebmaster Studio | 67, avenue du G\u00e9n\u00e9ral Leclerc &#8211; 54 000 Nancy<\/p>\t\t\t\t\t\t\t\t<\/div>\n\t\t\t\t<\/div>\n\t\t\t\t\t<\/div>\n\t\t<\/div>\n\t\t\t\t\t<\/div>\n\t\t<\/section>\n\t\t\t\t<\/div>\n\t\t","protected":false},"excerpt":{"rendered":"<p>FORMALITES DE DECLARATION Conform\u00e9ment \u00e0 la D\u00e9lib\u00e9ration n\u00b02006-138 du 9 mai 2006 d\u00e9cidant de la dispense de d\u00e9claration des traitements constitu\u00e9s \u00e0 des fins d\u2019information ou de communication externe (Dispense n\u00b07), nous vous informons que ce site respecte les obligations \u00e9labor\u00e9es par la C.N.I.L. dans le strict cadre de cette dispense. LOI INFORMATIQUE ET LIBERTES&hellip;<\/p>\n","protected":false},"author":1,"featured_media":0,"parent":0,"menu_order":0,"comment_status":"closed","ping_status":"closed","template":"","meta":{"footnotes":""},"class_list":["post-2513","page","type-page","status-publish","hentry"],"yoast_head":"<!-- This site is optimized with the Yoast SEO plugin v27.4 - https:\/\/yoast.com\/product\/yoast-seo-wordpress\/ -->\n<title>Mentions l\u00e9gales - Jungo<\/title>\n<meta name=\"description\" content=\"Formalit\u00e9s de d\u00e9claration, loi informatique et libert\u00e9s, droits d\u2019auteur.\" \/>\n<meta name=\"robots\" content=\"index, follow, max-snippet:-1, max-image-preview:large, max-video-preview:-1\" \/>\n<link rel=\"canonical\" href=\"https:\/\/jungo.eu\/fr\/mentions-legales\/\" \/>\n<meta property=\"og:locale\" content=\"fr_FR\" \/>\n<meta property=\"og:type\" content=\"article\" \/>\n<meta property=\"og:title\" content=\"Mentions l\u00e9gales - Jungo\" \/>\n<meta property=\"og:description\" content=\"Formalit\u00e9s de d\u00e9claration, loi informatique et libert\u00e9s, droits d\u2019auteur.\" \/>\n<meta property=\"og:url\" content=\"https:\/\/jungo.eu\/fr\/mentions-legales\/\" \/>\n<meta property=\"og:site_name\" content=\"Jungo\" \/>\n<meta property=\"article:modified_time\" content=\"2024-10-29T08:53:54+00:00\" \/>\n<meta name=\"twitter:card\" content=\"summary_large_image\" \/>\n<meta name=\"twitter:label1\" content=\"Dur\u00e9e de lecture estim\u00e9e\" \/>\n\t<meta name=\"twitter:data1\" content=\"1 minute\" \/>\n<script type=\"application\/ld+json\" class=\"yoast-schema-graph\">{\"@context\":\"https:\\\/\\\/schema.org\",\"@graph\":[{\"@type\":\"WebPage\",\"@id\":\"https:\\\/\\\/jungo.eu\\\/fr\\\/mentions-legales\\\/\",\"url\":\"https:\\\/\\\/jungo.eu\\\/fr\\\/mentions-legales\\\/\",\"name\":\"Mentions l\u00e9gales - Jungo\",\"isPartOf\":{\"@id\":\"https:\\\/\\\/jungo.eu\\\/fr\\\/#website\"},\"datePublished\":\"2021-05-03T08:15:34+00:00\",\"dateModified\":\"2024-10-29T08:53:54+00:00\",\"description\":\"Formalit\u00e9s de d\u00e9claration, loi informatique et libert\u00e9s, droits d\u2019auteur.\",\"breadcrumb\":{\"@id\":\"https:\\\/\\\/jungo.eu\\\/fr\\\/mentions-legales\\\/#breadcrumb\"},\"inLanguage\":\"fr-FR\",\"potentialAction\":[{\"@type\":\"ReadAction\",\"target\":[\"https:\\\/\\\/jungo.eu\\\/fr\\\/mentions-legales\\\/\"]}]},{\"@type\":\"BreadcrumbList\",\"@id\":\"https:\\\/\\\/jungo.eu\\\/fr\\\/mentions-legales\\\/#breadcrumb\",\"itemListElement\":[{\"@type\":\"ListItem\",\"position\":1,\"name\":\"Accueil\",\"item\":\"https:\\\/\\\/jungo.eu\\\/fr\\\/\"},{\"@type\":\"ListItem\",\"position\":2,\"name\":\"Mentions l\u00e9gales\"}]},{\"@type\":\"WebSite\",\"@id\":\"https:\\\/\\\/jungo.eu\\\/fr\\\/#website\",\"url\":\"https:\\\/\\\/jungo.eu\\\/fr\\\/\",\"name\":\"Jungo\",\"description\":\"\",\"publisher\":{\"@id\":\"https:\\\/\\\/jungo.eu\\\/fr\\\/#organization\"},\"potentialAction\":[{\"@type\":\"SearchAction\",\"target\":{\"@type\":\"EntryPoint\",\"urlTemplate\":\"https:\\\/\\\/jungo.eu\\\/fr\\\/?s={search_term_string}\"},\"query-input\":{\"@type\":\"PropertyValueSpecification\",\"valueRequired\":true,\"valueName\":\"search_term_string\"}}],\"inLanguage\":\"fr-FR\"},{\"@type\":\"Organization\",\"@id\":\"https:\\\/\\\/jungo.eu\\\/fr\\\/#organization\",\"name\":\"Jungo\",\"url\":\"https:\\\/\\\/jungo.eu\\\/fr\\\/\",\"logo\":{\"@type\":\"ImageObject\",\"inLanguage\":\"fr-FR\",\"@id\":\"https:\\\/\\\/jungo.eu\\\/fr\\\/#\\\/schema\\\/logo\\\/image\\\/\",\"url\":\"https:\\\/\\\/jungo.eu\\\/wp-content\\\/uploads\\\/2021\\\/05\\\/logo-jungo-250.png\",\"contentUrl\":\"https:\\\/\\\/jungo.eu\\\/wp-content\\\/uploads\\\/2021\\\/05\\\/logo-jungo-250.png\",\"width\":250,\"height\":142,\"caption\":\"Jungo\"},\"image\":{\"@id\":\"https:\\\/\\\/jungo.eu\\\/fr\\\/#\\\/schema\\\/logo\\\/image\\\/\"}}]}<\/script>\n<!-- \/ Yoast SEO plugin. -->","yoast_head_json":{"title":"Mentions l\u00e9gales - Jungo","description":"Formalit\u00e9s de d\u00e9claration, loi informatique et libert\u00e9s, droits d\u2019auteur.","robots":{"index":"index","follow":"follow","max-snippet":"max-snippet:-1","max-image-preview":"max-image-preview:large","max-video-preview":"max-video-preview:-1"},"canonical":"https:\/\/jungo.eu\/fr\/mentions-legales\/","og_locale":"fr_FR","og_type":"article","og_title":"Mentions l\u00e9gales - Jungo","og_description":"Formalit\u00e9s de d\u00e9claration, loi informatique et libert\u00e9s, droits d\u2019auteur.","og_url":"https:\/\/jungo.eu\/fr\/mentions-legales\/","og_site_name":"Jungo","article_modified_time":"2024-10-29T08:53:54+00:00","twitter_card":"summary_large_image","twitter_misc":{"Dur\u00e9e de lecture estim\u00e9e":"1 minute"},"schema":{"@context":"https:\/\/schema.org","@graph":[{"@type":"WebPage","@id":"https:\/\/jungo.eu\/fr\/mentions-legales\/","url":"https:\/\/jungo.eu\/fr\/mentions-legales\/","name":"Mentions l\u00e9gales - Jungo","isPartOf":{"@id":"https:\/\/jungo.eu\/fr\/#website"},"datePublished":"2021-05-03T08:15:34+00:00","dateModified":"2024-10-29T08:53:54+00:00","description":"Formalit\u00e9s de d\u00e9claration, loi informatique et libert\u00e9s, droits d\u2019auteur.","breadcrumb":{"@id":"https:\/\/jungo.eu\/fr\/mentions-legales\/#breadcrumb"},"inLanguage":"fr-FR","potentialAction":[{"@type":"ReadAction","target":["https:\/\/jungo.eu\/fr\/mentions-legales\/"]}]},{"@type":"BreadcrumbList","@id":"https:\/\/jungo.eu\/fr\/mentions-legales\/#breadcrumb","itemListElement":[{"@type":"ListItem","position":1,"name":"Accueil","item":"https:\/\/jungo.eu\/fr\/"},{"@type":"ListItem","position":2,"name":"Mentions l\u00e9gales"}]},{"@type":"WebSite","@id":"https:\/\/jungo.eu\/fr\/#website","url":"https:\/\/jungo.eu\/fr\/","name":"Jungo","description":"","publisher":{"@id":"https:\/\/jungo.eu\/fr\/#organization"},"potentialAction":[{"@type":"SearchAction","target":{"@type":"EntryPoint","urlTemplate":"https:\/\/jungo.eu\/fr\/?s={search_term_string}"},"query-input":{"@type":"PropertyValueSpecification","valueRequired":true,"valueName":"search_term_string"}}],"inLanguage":"fr-FR"},{"@type":"Organization","@id":"https:\/\/jungo.eu\/fr\/#organization","name":"Jungo","url":"https:\/\/jungo.eu\/fr\/","logo":{"@type":"ImageObject","inLanguage":"fr-FR","@id":"https:\/\/jungo.eu\/fr\/#\/schema\/logo\/image\/","url":"https:\/\/jungo.eu\/wp-content\/uploads\/2021\/05\/logo-jungo-250.png","contentUrl":"https:\/\/jungo.eu\/wp-content\/uploads\/2021\/05\/logo-jungo-250.png","width":250,"height":142,"caption":"Jungo"},"image":{"@id":"https:\/\/jungo.eu\/fr\/#\/schema\/logo\/image\/"}}]}},"_links":{"self":[{"href":"https:\/\/jungo.eu\/fr\/wp-json\/wp\/v2\/pages\/2513","targetHints":{"allow":["GET"]}}],"collection":[{"href":"https:\/\/jungo.eu\/fr\/wp-json\/wp\/v2\/pages"}],"about":[{"href":"https:\/\/jungo.eu\/fr\/wp-json\/wp\/v2\/types\/page"}],"author":[{"embeddable":true,"href":"https:\/\/jungo.eu\/fr\/wp-json\/wp\/v2\/users\/1"}],"replies":[{"embeddable":true,"href":"https:\/\/jungo.eu\/fr\/wp-json\/wp\/v2\/comments?post=2513"}],"version-history":[{"count":14,"href":"https:\/\/jungo.eu\/fr\/wp-json\/wp\/v2\/pages\/2513\/revisions"}],"predecessor-version":[{"id":16274,"href":"https:\/\/jungo.eu\/fr\/wp-json\/wp\/v2\/pages\/2513\/revisions\/16274"}],"wp:attachment":[{"href":"https:\/\/jungo.eu\/fr\/wp-json\/wp\/v2\/media?parent=2513"}],"curies":[{"name":"wp","href":"https:\/\/api.w.org\/{rel}","templated":true}]}}