{"id":11642,"date":"2022-05-18T16:46:04","date_gmt":"2022-05-18T14:46:04","guid":{"rendered":"https:\/\/jungo.eu\/?page_id=11642"},"modified":"2022-11-25T16:10:33","modified_gmt":"2022-11-25T15:10:33","slug":"evenements","status":"publish","type":"page","link":"https:\/\/jungo.eu\/fr\/evenements\/","title":{"rendered":"Ev\u00e9nements"},"content":{"rendered":"\t\t<div data-elementor-type=\"wp-page\" data-elementor-id=\"11642\" class=\"elementor elementor-11642\" data-elementor-post-type=\"page\">\n\t\t\t\t\t\t<section class=\"elementor-section elementor-top-section elementor-element elementor-element-c8b04df elementor-section-boxed elementor-section-height-default elementor-section-height-default\" data-id=\"c8b04df\" data-element_type=\"section\" data-e-type=\"section\">\n\t\t\t\t\t\t<div class=\"elementor-container elementor-column-gap-default\">\n\t\t\t\t\t<div class=\"elementor-column elementor-col-100 elementor-top-column elementor-element elementor-element-281ea0f\" data-id=\"281ea0f\" data-element_type=\"column\" data-e-type=\"column\">\n\t\t\t<div class=\"elementor-widget-wrap elementor-element-populated\">\n\t\t\t\t\t\t<div class=\"elementor-element elementor-element-b43ceac elementor-widget elementor-widget-spacer\" data-id=\"b43ceac\" data-element_type=\"widget\" data-e-type=\"widget\" data-widget_type=\"spacer.default\">\n\t\t\t\t<div class=\"elementor-widget-container\">\n\t\t\t\t\t\t\t<div class=\"elementor-spacer\">\n\t\t\t<div class=\"elementor-spacer-inner\"><\/div>\n\t\t<\/div>\n\t\t\t\t\t\t<\/div>\n\t\t\t\t<\/div>\n\t\t\t\t\t<\/div>\n\t\t<\/div>\n\t\t\t\t\t<\/div>\n\t\t<\/section>\n\t\t\t\t<section class=\"elementor-section elementor-top-section elementor-element elementor-element-091b0da elementor-section-boxed elementor-section-height-default elementor-section-height-default\" data-id=\"091b0da\" data-element_type=\"section\" data-e-type=\"section\">\n\t\t\t\t\t\t<div class=\"elementor-container elementor-column-gap-default\">\n\t\t\t\t\t<div class=\"elementor-column elementor-col-100 elementor-top-column elementor-element elementor-element-696abdc\" data-id=\"696abdc\" data-element_type=\"column\" data-e-type=\"column\">\n\t\t\t<div class=\"elementor-widget-wrap elementor-element-populated\">\n\t\t\t\t\t\t<div class=\"elementor-element elementor-element-3700ca0 elementor-widget elementor-widget-heading\" data-id=\"3700ca0\" data-element_type=\"widget\" data-e-type=\"widget\" data-widget_type=\"heading.default\">\n\t\t\t\t<div class=\"elementor-widget-container\">\n\t\t\t\t\t<h1 class=\"elementor-heading-title elementor-size-large\">\u00c9V\u00c9NEMENTS \u00c0 VENIR<\/h1>\t\t\t\t<\/div>\n\t\t\t\t<\/div>\n\t\t\t\t\t<\/div>\n\t\t<\/div>\n\t\t\t\t\t<\/div>\n\t\t<\/section>\n\t\t\t\t<section class=\"elementor-section elementor-top-section elementor-element elementor-element-5351437 elementor-section-height-min-height elementor-section-boxed elementor-section-height-default elementor-section-items-middle\" data-id=\"5351437\" data-element_type=\"section\" data-e-type=\"section\">\n\t\t\t\t\t\t<div class=\"elementor-container elementor-column-gap-default\">\n\t\t\t\t\t<div class=\"elementor-column elementor-col-100 elementor-top-column elementor-element elementor-element-889f23c\" data-id=\"889f23c\" data-element_type=\"column\" data-e-type=\"column\">\n\t\t\t<div class=\"elementor-widget-wrap elementor-element-populated\">\n\t\t\t\t\t\t\t<\/div>\n\t\t<\/div>\n\t\t\t\t\t<\/div>\n\t\t<\/section>\n\t\t\t\t<\/div>\n\t\t","protected":false},"excerpt":{"rendered":"<p>\u00c9V\u00c9NEMENTS \u00c0 VENIR<\/p>\n","protected":false},"author":1,"featured_media":0,"parent":0,"menu_order":0,"comment_status":"closed","ping_status":"closed","template":"elementor_header_footer","meta":{"footnotes":""},"class_list":["post-11642","page","type-page","status-publish","hentry"],"yoast_head":"<!-- This site is optimized with the Yoast SEO plugin v27.5 - https:\/\/yoast.com\/product\/yoast-seo-wordpress\/ -->\n<title>Ev\u00e9nements - Jungo<\/title>\n<meta name=\"description\" content=\"Trouvez tous les \u00e9v\u00e9nements \u00e0 venir concernant Jungo et ses produits.\" \/>\n<meta name=\"robots\" content=\"index, follow, max-snippet:-1, max-image-preview:large, max-video-preview:-1\" \/>\n<link rel=\"canonical\" href=\"https:\/\/jungo.eu\/fr\/evenements\/\" \/>\n<meta property=\"og:locale\" content=\"fr_FR\" \/>\n<meta property=\"og:type\" content=\"article\" \/>\n<meta property=\"og:title\" content=\"Ev\u00e9nements - Jungo\" \/>\n<meta property=\"og:description\" content=\"Trouvez tous les \u00e9v\u00e9nements \u00e0 venir concernant Jungo et ses produits.\" \/>\n<meta property=\"og:url\" content=\"https:\/\/jungo.eu\/fr\/evenements\/\" \/>\n<meta property=\"og:site_name\" content=\"Jungo\" \/>\n<meta property=\"article:modified_time\" content=\"2022-11-25T15:10:33+00:00\" \/>\n<meta name=\"twitter:card\" content=\"summary_large_image\" \/>\n<meta name=\"twitter:label1\" content=\"Dur\u00e9e de lecture estim\u00e9e\" \/>\n\t<meta name=\"twitter:data1\" content=\"1 minute\" \/>\n<script type=\"application\/ld+json\" class=\"yoast-schema-graph\">{\"@context\":\"https:\\\/\\\/schema.org\",\"@graph\":[{\"@type\":\"WebPage\",\"@id\":\"https:\\\/\\\/jungo.eu\\\/fr\\\/evenements\\\/\",\"url\":\"https:\\\/\\\/jungo.eu\\\/fr\\\/evenements\\\/\",\"name\":\"Ev\u00e9nements - Jungo\",\"isPartOf\":{\"@id\":\"https:\\\/\\\/jungo.eu\\\/fr\\\/#website\"},\"datePublished\":\"2022-05-18T14:46:04+00:00\",\"dateModified\":\"2022-11-25T15:10:33+00:00\",\"description\":\"Trouvez tous les \u00e9v\u00e9nements \u00e0 venir concernant Jungo et ses produits.\",\"breadcrumb\":{\"@id\":\"https:\\\/\\\/jungo.eu\\\/fr\\\/evenements\\\/#breadcrumb\"},\"inLanguage\":\"fr-FR\",\"potentialAction\":[{\"@type\":\"ReadAction\",\"target\":[\"https:\\\/\\\/jungo.eu\\\/fr\\\/evenements\\\/\"]}]},{\"@type\":\"BreadcrumbList\",\"@id\":\"https:\\\/\\\/jungo.eu\\\/fr\\\/evenements\\\/#breadcrumb\",\"itemListElement\":[{\"@type\":\"ListItem\",\"position\":1,\"name\":\"Accueil\",\"item\":\"https:\\\/\\\/jungo.eu\\\/fr\\\/\"},{\"@type\":\"ListItem\",\"position\":2,\"name\":\"Ev\u00e9nements\"}]},{\"@type\":\"WebSite\",\"@id\":\"https:\\\/\\\/jungo.eu\\\/fr\\\/#website\",\"url\":\"https:\\\/\\\/jungo.eu\\\/fr\\\/\",\"name\":\"Jungo\",\"description\":\"\",\"publisher\":{\"@id\":\"https:\\\/\\\/jungo.eu\\\/fr\\\/#organization\"},\"potentialAction\":[{\"@type\":\"SearchAction\",\"target\":{\"@type\":\"EntryPoint\",\"urlTemplate\":\"https:\\\/\\\/jungo.eu\\\/fr\\\/?s={search_term_string}\"},\"query-input\":{\"@type\":\"PropertyValueSpecification\",\"valueRequired\":true,\"valueName\":\"search_term_string\"}}],\"inLanguage\":\"fr-FR\"},{\"@type\":\"Organization\",\"@id\":\"https:\\\/\\\/jungo.eu\\\/fr\\\/#organization\",\"name\":\"Jungo\",\"url\":\"https:\\\/\\\/jungo.eu\\\/fr\\\/\",\"logo\":{\"@type\":\"ImageObject\",\"inLanguage\":\"fr-FR\",\"@id\":\"https:\\\/\\\/jungo.eu\\\/fr\\\/#\\\/schema\\\/logo\\\/image\\\/\",\"url\":\"https:\\\/\\\/jungo.eu\\\/wp-content\\\/uploads\\\/2021\\\/05\\\/logo-jungo-250.png\",\"contentUrl\":\"https:\\\/\\\/jungo.eu\\\/wp-content\\\/uploads\\\/2021\\\/05\\\/logo-jungo-250.png\",\"width\":250,\"height\":142,\"caption\":\"Jungo\"},\"image\":{\"@id\":\"https:\\\/\\\/jungo.eu\\\/fr\\\/#\\\/schema\\\/logo\\\/image\\\/\"}}]}<\/script>\n<!-- \/ Yoast SEO plugin. -->","yoast_head_json":{"title":"Ev\u00e9nements - Jungo","description":"Trouvez tous les \u00e9v\u00e9nements \u00e0 venir concernant Jungo et ses produits.","robots":{"index":"index","follow":"follow","max-snippet":"max-snippet:-1","max-image-preview":"max-image-preview:large","max-video-preview":"max-video-preview:-1"},"canonical":"https:\/\/jungo.eu\/fr\/evenements\/","og_locale":"fr_FR","og_type":"article","og_title":"Ev\u00e9nements - Jungo","og_description":"Trouvez tous les \u00e9v\u00e9nements \u00e0 venir concernant Jungo et ses produits.","og_url":"https:\/\/jungo.eu\/fr\/evenements\/","og_site_name":"Jungo","article_modified_time":"2022-11-25T15:10:33+00:00","twitter_card":"summary_large_image","twitter_misc":{"Dur\u00e9e de lecture estim\u00e9e":"1 minute"},"schema":{"@context":"https:\/\/schema.org","@graph":[{"@type":"WebPage","@id":"https:\/\/jungo.eu\/fr\/evenements\/","url":"https:\/\/jungo.eu\/fr\/evenements\/","name":"Ev\u00e9nements - Jungo","isPartOf":{"@id":"https:\/\/jungo.eu\/fr\/#website"},"datePublished":"2022-05-18T14:46:04+00:00","dateModified":"2022-11-25T15:10:33+00:00","description":"Trouvez tous les \u00e9v\u00e9nements \u00e0 venir concernant Jungo et ses produits.","breadcrumb":{"@id":"https:\/\/jungo.eu\/fr\/evenements\/#breadcrumb"},"inLanguage":"fr-FR","potentialAction":[{"@type":"ReadAction","target":["https:\/\/jungo.eu\/fr\/evenements\/"]}]},{"@type":"BreadcrumbList","@id":"https:\/\/jungo.eu\/fr\/evenements\/#breadcrumb","itemListElement":[{"@type":"ListItem","position":1,"name":"Accueil","item":"https:\/\/jungo.eu\/fr\/"},{"@type":"ListItem","position":2,"name":"Ev\u00e9nements"}]},{"@type":"WebSite","@id":"https:\/\/jungo.eu\/fr\/#website","url":"https:\/\/jungo.eu\/fr\/","name":"Jungo","description":"","publisher":{"@id":"https:\/\/jungo.eu\/fr\/#organization"},"potentialAction":[{"@type":"SearchAction","target":{"@type":"EntryPoint","urlTemplate":"https:\/\/jungo.eu\/fr\/?s={search_term_string}"},"query-input":{"@type":"PropertyValueSpecification","valueRequired":true,"valueName":"search_term_string"}}],"inLanguage":"fr-FR"},{"@type":"Organization","@id":"https:\/\/jungo.eu\/fr\/#organization","name":"Jungo","url":"https:\/\/jungo.eu\/fr\/","logo":{"@type":"ImageObject","inLanguage":"fr-FR","@id":"https:\/\/jungo.eu\/fr\/#\/schema\/logo\/image\/","url":"https:\/\/jungo.eu\/wp-content\/uploads\/2021\/05\/logo-jungo-250.png","contentUrl":"https:\/\/jungo.eu\/wp-content\/uploads\/2021\/05\/logo-jungo-250.png","width":250,"height":142,"caption":"Jungo"},"image":{"@id":"https:\/\/jungo.eu\/fr\/#\/schema\/logo\/image\/"}}]}},"_links":{"self":[{"href":"https:\/\/jungo.eu\/fr\/wp-json\/wp\/v2\/pages\/11642","targetHints":{"allow":["GET"]}}],"collection":[{"href":"https:\/\/jungo.eu\/fr\/wp-json\/wp\/v2\/pages"}],"about":[{"href":"https:\/\/jungo.eu\/fr\/wp-json\/wp\/v2\/types\/page"}],"author":[{"embeddable":true,"href":"https:\/\/jungo.eu\/fr\/wp-json\/wp\/v2\/users\/1"}],"replies":[{"embeddable":true,"href":"https:\/\/jungo.eu\/fr\/wp-json\/wp\/v2\/comments?post=11642"}],"version-history":[{"count":8,"href":"https:\/\/jungo.eu\/fr\/wp-json\/wp\/v2\/pages\/11642\/revisions"}],"predecessor-version":[{"id":15052,"href":"https:\/\/jungo.eu\/fr\/wp-json\/wp\/v2\/pages\/11642\/revisions\/15052"}],"wp:attachment":[{"href":"https:\/\/jungo.eu\/fr\/wp-json\/wp\/v2\/media?parent=11642"}],"curies":[{"name":"wp","href":"https:\/\/api.w.org\/{rel}","templated":true}]}}