{"id":10412,"date":"2022-03-30T15:07:39","date_gmt":"2022-03-30T13:07:39","guid":{"rendered":"https:\/\/jungo.eu\/jungo-tv\/"},"modified":"2024-08-19T12:04:14","modified_gmt":"2024-08-19T10:04:14","slug":"jungo-tv","status":"publish","type":"page","link":"https:\/\/jungo.eu\/fr\/jungo-tv\/","title":{"rendered":"Jungo TV"},"content":{"rendered":"\t\t<div data-elementor-type=\"wp-page\" data-elementor-id=\"10412\" class=\"elementor elementor-10412 elementor-10016\" data-elementor-post-type=\"page\">\n\t\t\t\t\t\t<section class=\"elementor-section elementor-top-section elementor-element elementor-element-d0aadf6 elementor-section-boxed elementor-section-height-default elementor-section-height-default\" data-id=\"d0aadf6\" data-element_type=\"section\" data-e-type=\"section\">\n\t\t\t\t\t\t<div class=\"elementor-container elementor-column-gap-default\">\n\t\t\t\t\t<div class=\"elementor-column elementor-col-100 elementor-top-column elementor-element elementor-element-be6c457\" data-id=\"be6c457\" data-element_type=\"column\" data-e-type=\"column\">\n\t\t\t<div class=\"elementor-widget-wrap elementor-element-populated\">\n\t\t\t\t\t\t<div class=\"elementor-element elementor-element-ee8cd29 elementor-widget elementor-widget-spacer\" data-id=\"ee8cd29\" data-element_type=\"widget\" data-e-type=\"widget\" data-widget_type=\"spacer.default\">\n\t\t\t\t<div class=\"elementor-widget-container\">\n\t\t\t\t\t\t\t<div class=\"elementor-spacer\">\n\t\t\t<div class=\"elementor-spacer-inner\"><\/div>\n\t\t<\/div>\n\t\t\t\t\t\t<\/div>\n\t\t\t\t<\/div>\n\t\t\t\t<div class=\"elementor-element elementor-element-2d7d308 elementor-widget elementor-widget-heading\" data-id=\"2d7d308\" data-element_type=\"widget\" data-e-type=\"widget\" data-widget_type=\"heading.default\">\n\t\t\t\t<div class=\"elementor-widget-container\">\n\t\t\t\t\t<h1 class=\"elementor-heading-title elementor-size-large\">JUNGO TV<\/h1>\t\t\t\t<\/div>\n\t\t\t\t<\/div>\n\t\t\t\t<div class=\"elementor-element elementor-element-c314982 elementor-widget elementor-widget-spacer\" data-id=\"c314982\" data-element_type=\"widget\" data-e-type=\"widget\" data-widget_type=\"spacer.default\">\n\t\t\t\t<div class=\"elementor-widget-container\">\n\t\t\t\t\t\t\t<div class=\"elementor-spacer\">\n\t\t\t<div class=\"elementor-spacer-inner\"><\/div>\n\t\t<\/div>\n\t\t\t\t\t\t<\/div>\n\t\t\t\t<\/div>\n\t\t\t\t\t<\/div>\n\t\t<\/div>\n\t\t\t\t\t<\/div>\n\t\t<\/section>\n\t\t\t\t<section class=\"elementor-section elementor-top-section elementor-element elementor-element-b6b1dd5 elementor-section-boxed elementor-section-height-default elementor-section-height-default\" data-id=\"b6b1dd5\" data-element_type=\"section\" data-e-type=\"section\">\n\t\t\t\t\t\t<div class=\"elementor-container elementor-column-gap-default\">\n\t\t\t\t\t<div class=\"elementor-column elementor-col-33 elementor-top-column elementor-element elementor-element-b08ed6f\" data-id=\"b08ed6f\" data-element_type=\"column\" data-e-type=\"column\">\n\t\t\t<div class=\"elementor-widget-wrap elementor-element-populated\">\n\t\t\t\t\t\t<div class=\"elementor-element elementor-element-3f7c3d1 elementor-widget elementor-widget-video\" data-id=\"3f7c3d1\" data-element_type=\"widget\" data-e-type=\"widget\" data-settings=\"{&quot;show_image_overlay&quot;:&quot;yes&quot;,&quot;image_overlay&quot;:{&quot;url&quot;:&quot;https:\\\/\\\/jungo.eu\\\/wp-content\\\/uploads\\\/2023\\\/06\\\/Jungo-3.0-SweepJet.jpg&quot;,&quot;id&quot;:15942,&quot;size&quot;:&quot;&quot;,&quot;alt&quot;:&quot;&quot;,&quot;source&quot;:&quot;library&quot;},&quot;video_type&quot;:&quot;hosted&quot;,&quot;controls&quot;:&quot;yes&quot;}\" data-widget_type=\"video.default\">\n\t\t\t\t<div class=\"elementor-widget-container\">\n\t\t\t\t\t\t\t<div class=\"e-hosted-video elementor-wrapper elementor-open-inline\">\n\t\t\t\t\t<video class=\"elementor-video\" src=\"https:\/\/jungo.eu\/wp-content\/uploads\/2023\/06\/Jungo 3.0 SweepJet_FR.mp4\" controls=\"\" preload=\"metadata\" controlsList=\"nodownload\" poster=\"https:\/\/jungo.eu\/wp-content\/uploads\/2023\/06\/Jungo-3.0-SweepJet.jpg\"><\/video>\n\t\t\t\t\t\t<div class=\"elementor-custom-embed-image-overlay\" style=\"background-image: url(https:\/\/jungo.eu\/wp-content\/uploads\/2023\/06\/Jungo-3.0-SweepJet.jpg);\">\n\t\t\t\t\t\t\t\t\t\t\t\t\t\t\t\t<div class=\"elementor-custom-embed-play\" role=\"button\" aria-label=\"Lire la vid\u00e9o\" tabindex=\"0\">\n\t\t\t\t\t\t\t<i aria-hidden=\"true\" class=\"eicon-play\"><\/i>\t\t\t\t\t\t<\/div>\n\t\t\t\t\t\t\t\t\t<\/div>\n\t\t\t\t\t<\/div>\n\t\t\t\t\t\t<\/div>\n\t\t\t\t<\/div>\n\t\t\t\t<div class=\"elementor-element elementor-element-f06081f elementor-widget elementor-widget-text-editor\" data-id=\"f06081f\" data-element_type=\"widget\" data-e-type=\"widget\" data-widget_type=\"text-editor.default\">\n\t\t\t\t<div class=\"elementor-widget-container\">\n\t\t\t\t\t\t\t\t\t<div class=\"entry-meta\" style=\"text-align: center;\"><span class=\"meta-item data-link\" style=\"color: #b71f26;\"><time class=\"entry-date updated\" datetime=\"2023-06-16T10:12:06+02:00\">16\/06\/2023<\/time><\/span><\/div>\n<h3 class=\"ele-entry-title\" style=\"text-align: center;\">Le Jungo 3.0 SweepJet en action<\/h3>\t\t\t\t\t\t\t\t<\/div>\n\t\t\t\t<\/div>\n\t\t\t\t\t<\/div>\n\t\t<\/div>\n\t\t\t\t<div class=\"elementor-column elementor-col-33 elementor-top-column elementor-element elementor-element-b3ff22b elementor-hidden-desktop elementor-hidden-tablet elementor-hidden-mobile\" data-id=\"b3ff22b\" data-element_type=\"column\" data-e-type=\"column\">\n\t\t\t<div class=\"elementor-widget-wrap elementor-element-populated\">\n\t\t\t\t\t\t<div class=\"elementor-element elementor-element-d5c3c93 elementor-widget elementor-widget-video\" data-id=\"d5c3c93\" data-element_type=\"widget\" data-e-type=\"widget\" data-settings=\"{&quot;video_type&quot;:&quot;hosted&quot;,&quot;show_image_overlay&quot;:&quot;yes&quot;,&quot;image_overlay&quot;:{&quot;url&quot;:&quot;https:\\\/\\\/jungo.eu\\\/wp-content\\\/uploads\\\/2022\\\/06\\\/JUNGO-LIVE-AT-IFAT-2022-800x600-1.jpg&quot;,&quot;id&quot;:12494,&quot;size&quot;:&quot;&quot;,&quot;alt&quot;:&quot;JUNGO LIVE AT IFAT 2022&quot;,&quot;source&quot;:&quot;library&quot;},&quot;controls&quot;:&quot;yes&quot;}\" data-widget_type=\"video.default\">\n\t\t\t\t<div class=\"elementor-widget-container\">\n\t\t\t\t\t\t\t<div class=\"e-hosted-video elementor-wrapper elementor-open-inline\">\n\t\t\t\t\t<video class=\"elementor-video\" src=\"https:\/\/jungo.eu\/wp-content\/uploads\/2022\/05\/livestream-ifat2022.mp4\" controls=\"\" preload=\"metadata\" controlsList=\"nodownload\" poster=\"https:\/\/jungo.eu\/wp-content\/uploads\/2022\/06\/JUNGO-LIVE-AT-IFAT-2022-800x600-1.jpg\"><\/video>\n\t\t\t\t\t\t<div class=\"elementor-custom-embed-image-overlay\" style=\"background-image: url(https:\/\/jungo.eu\/wp-content\/uploads\/2022\/06\/JUNGO-LIVE-AT-IFAT-2022-800x600-1.jpg);\">\n\t\t\t\t\t\t\t\t\t\t\t\t\t\t\t\t<div class=\"elementor-custom-embed-play\" role=\"button\" aria-label=\"Lire la vid\u00e9o sur JUNGO LIVE AT IFAT 2022\" tabindex=\"0\">\n\t\t\t\t\t\t\t<i aria-hidden=\"true\" class=\"eicon-play\"><\/i>\t\t\t\t\t\t<\/div>\n\t\t\t\t\t\t\t\t\t<\/div>\n\t\t\t\t\t<\/div>\n\t\t\t\t\t\t<\/div>\n\t\t\t\t<\/div>\n\t\t\t\t<div class=\"elementor-element elementor-element-ac63b59 elementor-widget elementor-widget-text-editor\" data-id=\"ac63b59\" data-element_type=\"widget\" data-e-type=\"widget\" data-widget_type=\"text-editor.default\">\n\t\t\t\t<div class=\"elementor-widget-container\">\n\t\t\t\t\t\t\t\t\t<div class=\"entry-meta\" style=\"text-align: center;\"><span class=\"meta-item data-link\" style=\"color: #b71f26;\"><time class=\"entry-date updated\" datetime=\"2022-05-31T10:12:06+02:00\">31\/05\/2022<\/time><\/span><\/div>\n<div><\/div>\n<h3 class=\"ele-entry-title\" style=\"text-align: center;\">Vid\u00e9o enti\u00e8re de Jungo \u00e0 l\u2019IFAT 2022 \u00e0 Munich pour Jungo 3.0.<\/h3>\t\t\t\t\t\t\t\t<\/div>\n\t\t\t\t<\/div>\n\t\t\t\t\t<\/div>\n\t\t<\/div>\n\t\t\t\t<div class=\"elementor-column elementor-col-33 elementor-top-column elementor-element elementor-element-bbbeaab elementor-hidden-desktop elementor-hidden-tablet elementor-hidden-mobile\" data-id=\"bbbeaab\" data-element_type=\"column\" data-e-type=\"column\">\n\t\t\t<div class=\"elementor-widget-wrap elementor-element-populated\">\n\t\t\t\t\t\t<div class=\"elementor-element elementor-element-a01df45 elementor-widget elementor-widget-video\" data-id=\"a01df45\" data-element_type=\"widget\" data-e-type=\"widget\" data-settings=\"{&quot;video_type&quot;:&quot;hosted&quot;,&quot;show_image_overlay&quot;:&quot;yes&quot;,&quot;image_overlay&quot;:{&quot;url&quot;:&quot;https:\\\/\\\/jungo.eu\\\/wp-content\\\/uploads\\\/2022\\\/06\\\/JUNGO-LIVE-AT-IFAT-2022-800x600-1.jpg&quot;,&quot;id&quot;:12494,&quot;size&quot;:&quot;&quot;,&quot;alt&quot;:&quot;JUNGO LIVE AT IFAT 2022&quot;,&quot;source&quot;:&quot;library&quot;},&quot;controls&quot;:&quot;yes&quot;}\" data-widget_type=\"video.default\">\n\t\t\t\t<div class=\"elementor-widget-container\">\n\t\t\t\t\t\t\t<div class=\"e-hosted-video elementor-wrapper elementor-open-inline\">\n\t\t\t\t\t<video class=\"elementor-video\" src=\"https:\/\/jungo.eu\/wp-content\/uploads\/2022\/06\/ifat-small-video.mp4\" controls=\"\" preload=\"metadata\" controlsList=\"nodownload\" poster=\"https:\/\/jungo.eu\/wp-content\/uploads\/2022\/06\/JUNGO-LIVE-AT-IFAT-2022-800x600-1.jpg\"><\/video>\n\t\t\t\t\t\t<div class=\"elementor-custom-embed-image-overlay\" style=\"background-image: url(https:\/\/jungo.eu\/wp-content\/uploads\/2022\/06\/JUNGO-LIVE-AT-IFAT-2022-800x600-1.jpg);\">\n\t\t\t\t\t\t\t\t\t\t\t\t\t\t\t\t<div class=\"elementor-custom-embed-play\" role=\"button\" aria-label=\"Lire la vid\u00e9o sur JUNGO LIVE AT IFAT 2022\" tabindex=\"0\">\n\t\t\t\t\t\t\t<i aria-hidden=\"true\" class=\"eicon-play\"><\/i>\t\t\t\t\t\t<\/div>\n\t\t\t\t\t\t\t\t\t<\/div>\n\t\t\t\t\t<\/div>\n\t\t\t\t\t\t<\/div>\n\t\t\t\t<\/div>\n\t\t\t\t<div class=\"elementor-element elementor-element-1d31cc0 elementor-widget elementor-widget-text-editor\" data-id=\"1d31cc0\" data-element_type=\"widget\" data-e-type=\"widget\" data-widget_type=\"text-editor.default\">\n\t\t\t\t<div class=\"elementor-widget-container\">\n\t\t\t\t\t\t\t\t\t<div class=\"entry-meta\" style=\"text-align: center;\"><span class=\"meta-item data-link\" style=\"color: #b71f26;\"><time class=\"entry-date updated\" datetime=\"2022-05-31T10:12:06+02:00\">31\/05\/2022<\/time><\/span><\/div>\n<div><\/div>\n<h3 class=\"ele-entry-title\" style=\"text-align: center;\">Vid\u00e9o r\u00e9sum\u00e9e de Jungo \u00e0 l\u2019IFAT 2022 \u00e0 Munich pour Jungo 3.0.<\/h3>\t\t\t\t\t\t\t\t<\/div>\n\t\t\t\t<\/div>\n\t\t\t\t\t<\/div>\n\t\t<\/div>\n\t\t\t\t\t<\/div>\n\t\t<\/section>\n\t\t\t\t<section class=\"elementor-section elementor-top-section elementor-element elementor-element-ebf4b70 elementor-section-boxed elementor-section-height-default elementor-section-height-default\" data-id=\"ebf4b70\" data-element_type=\"section\" data-e-type=\"section\">\n\t\t\t\t\t\t<div class=\"elementor-container elementor-column-gap-default\">\n\t\t\t\t\t<div class=\"elementor-column elementor-col-100 elementor-top-column elementor-element elementor-element-c48dcbd\" data-id=\"c48dcbd\" data-element_type=\"column\" data-e-type=\"column\">\n\t\t\t<div class=\"elementor-widget-wrap elementor-element-populated\">\n\t\t\t\t\t\t<div class=\"elementor-element elementor-element-46c867b elementor-widget elementor-widget-spacer\" data-id=\"46c867b\" data-element_type=\"widget\" data-e-type=\"widget\" data-widget_type=\"spacer.default\">\n\t\t\t\t<div class=\"elementor-widget-container\">\n\t\t\t\t\t\t\t<div class=\"elementor-spacer\">\n\t\t\t<div class=\"elementor-spacer-inner\"><\/div>\n\t\t<\/div>\n\t\t\t\t\t\t<\/div>\n\t\t\t\t<\/div>\n\t\t\t\t\t<\/div>\n\t\t<\/div>\n\t\t\t\t\t<\/div>\n\t\t<\/section>\n\t\t\t\t<section class=\"elementor-section elementor-top-section elementor-element elementor-element-ec6e1de elementor-section-boxed elementor-section-height-default elementor-section-height-default\" data-id=\"ec6e1de\" data-element_type=\"section\" data-e-type=\"section\">\n\t\t\t\t\t\t<div class=\"elementor-container elementor-column-gap-default\">\n\t\t\t\t\t<div class=\"elementor-column elementor-col-100 elementor-top-column elementor-element elementor-element-8bed0b8\" data-id=\"8bed0b8\" data-element_type=\"column\" data-e-type=\"column\">\n\t\t\t<div class=\"elementor-widget-wrap elementor-element-populated\">\n\t\t\t\t\t\t<div class=\"elementor-element elementor-element-4e1d5c5 elementor-widget elementor-widget-spacer\" data-id=\"4e1d5c5\" data-element_type=\"widget\" data-e-type=\"widget\" data-widget_type=\"spacer.default\">\n\t\t\t\t<div class=\"elementor-widget-container\">\n\t\t\t\t\t\t\t<div class=\"elementor-spacer\">\n\t\t\t<div class=\"elementor-spacer-inner\"><\/div>\n\t\t<\/div>\n\t\t\t\t\t\t<\/div>\n\t\t\t\t<\/div>\n\t\t\t\t\t<\/div>\n\t\t<\/div>\n\t\t\t\t\t<\/div>\n\t\t<\/section>\n\t\t\t\t<\/div>\n\t\t","protected":false},"excerpt":{"rendered":"<p>JUNGO TV https:\/\/jungo.eu\/wp-content\/uploads\/2023\/06\/Jungo%203.0%20SweepJet_FR.mp416\/06\/2023 Le Jungo 3.0 SweepJet en action https:\/\/jungo.eu\/wp-content\/uploads\/2022\/05\/livestream-ifat2022.mp431\/05\/2022 Vid\u00e9o enti\u00e8re de Jungo \u00e0 l\u2019IFAT 2022 \u00e0 Munich pour Jungo 3.0. https:\/\/jungo.eu\/wp-content\/uploads\/2022\/06\/ifat-small-video.mp431\/05\/2022 Vid\u00e9o r\u00e9sum\u00e9e de Jungo \u00e0 l\u2019IFAT 2022 \u00e0 Munich pour Jungo 3.0.<\/p>\n","protected":false},"author":1,"featured_media":0,"parent":0,"menu_order":0,"comment_status":"closed","ping_status":"closed","template":"elementor_header_footer","meta":{"footnotes":""},"class_list":["post-10412","page","type-page","status-publish","hentry"],"yoast_head":"<!-- This site is optimized with the Yoast SEO plugin v27.4 - https:\/\/yoast.com\/product\/yoast-seo-wordpress\/ -->\n<title>Jungo TV - Jungo<\/title>\n<meta name=\"description\" content=\"Regardez toutes les vid\u00e9os de Jungo et de ses produits.\" \/>\n<meta name=\"robots\" content=\"index, follow, max-snippet:-1, max-image-preview:large, max-video-preview:-1\" \/>\n<link rel=\"canonical\" href=\"https:\/\/jungo.eu\/fr\/jungo-tv\/\" \/>\n<meta property=\"og:locale\" content=\"fr_FR\" \/>\n<meta property=\"og:type\" content=\"article\" \/>\n<meta property=\"og:title\" content=\"Jungo TV - Jungo\" \/>\n<meta property=\"og:description\" content=\"Regardez toutes les vid\u00e9os de Jungo et de ses produits.\" \/>\n<meta property=\"og:url\" content=\"https:\/\/jungo.eu\/fr\/jungo-tv\/\" \/>\n<meta property=\"og:site_name\" content=\"Jungo\" \/>\n<meta property=\"article:modified_time\" content=\"2024-08-19T10:04:14+00:00\" \/>\n<meta name=\"twitter:card\" content=\"summary_large_image\" \/>\n<meta name=\"twitter:label1\" content=\"Dur\u00e9e de lecture estim\u00e9e\" \/>\n\t<meta name=\"twitter:data1\" content=\"1 minute\" \/>\n<script type=\"application\/ld+json\" class=\"yoast-schema-graph\">{\"@context\":\"https:\\\/\\\/schema.org\",\"@graph\":[{\"@type\":\"WebPage\",\"@id\":\"https:\\\/\\\/jungo.eu\\\/fr\\\/jungo-tv\\\/\",\"url\":\"https:\\\/\\\/jungo.eu\\\/fr\\\/jungo-tv\\\/\",\"name\":\"Jungo TV - Jungo\",\"isPartOf\":{\"@id\":\"https:\\\/\\\/jungo.eu\\\/fr\\\/#website\"},\"datePublished\":\"2022-03-30T13:07:39+00:00\",\"dateModified\":\"2024-08-19T10:04:14+00:00\",\"description\":\"Regardez toutes les vid\u00e9os de Jungo et de ses produits.\",\"breadcrumb\":{\"@id\":\"https:\\\/\\\/jungo.eu\\\/fr\\\/jungo-tv\\\/#breadcrumb\"},\"inLanguage\":\"fr-FR\",\"potentialAction\":[{\"@type\":\"ReadAction\",\"target\":[\"https:\\\/\\\/jungo.eu\\\/fr\\\/jungo-tv\\\/\"]}]},{\"@type\":\"BreadcrumbList\",\"@id\":\"https:\\\/\\\/jungo.eu\\\/fr\\\/jungo-tv\\\/#breadcrumb\",\"itemListElement\":[{\"@type\":\"ListItem\",\"position\":1,\"name\":\"Accueil\",\"item\":\"https:\\\/\\\/jungo.eu\\\/fr\\\/\"},{\"@type\":\"ListItem\",\"position\":2,\"name\":\"Jungo TV\"}]},{\"@type\":\"WebSite\",\"@id\":\"https:\\\/\\\/jungo.eu\\\/fr\\\/#website\",\"url\":\"https:\\\/\\\/jungo.eu\\\/fr\\\/\",\"name\":\"Jungo\",\"description\":\"\",\"publisher\":{\"@id\":\"https:\\\/\\\/jungo.eu\\\/fr\\\/#organization\"},\"potentialAction\":[{\"@type\":\"SearchAction\",\"target\":{\"@type\":\"EntryPoint\",\"urlTemplate\":\"https:\\\/\\\/jungo.eu\\\/fr\\\/?s={search_term_string}\"},\"query-input\":{\"@type\":\"PropertyValueSpecification\",\"valueRequired\":true,\"valueName\":\"search_term_string\"}}],\"inLanguage\":\"fr-FR\"},{\"@type\":\"Organization\",\"@id\":\"https:\\\/\\\/jungo.eu\\\/fr\\\/#organization\",\"name\":\"Jungo\",\"url\":\"https:\\\/\\\/jungo.eu\\\/fr\\\/\",\"logo\":{\"@type\":\"ImageObject\",\"inLanguage\":\"fr-FR\",\"@id\":\"https:\\\/\\\/jungo.eu\\\/fr\\\/#\\\/schema\\\/logo\\\/image\\\/\",\"url\":\"https:\\\/\\\/jungo.eu\\\/wp-content\\\/uploads\\\/2021\\\/05\\\/logo-jungo-250.png\",\"contentUrl\":\"https:\\\/\\\/jungo.eu\\\/wp-content\\\/uploads\\\/2021\\\/05\\\/logo-jungo-250.png\",\"width\":250,\"height\":142,\"caption\":\"Jungo\"},\"image\":{\"@id\":\"https:\\\/\\\/jungo.eu\\\/fr\\\/#\\\/schema\\\/logo\\\/image\\\/\"}}]}<\/script>\n<!-- \/ Yoast SEO plugin. -->","yoast_head_json":{"title":"Jungo TV - Jungo","description":"Regardez toutes les vid\u00e9os de Jungo et de ses produits.","robots":{"index":"index","follow":"follow","max-snippet":"max-snippet:-1","max-image-preview":"max-image-preview:large","max-video-preview":"max-video-preview:-1"},"canonical":"https:\/\/jungo.eu\/fr\/jungo-tv\/","og_locale":"fr_FR","og_type":"article","og_title":"Jungo TV - Jungo","og_description":"Regardez toutes les vid\u00e9os de Jungo et de ses produits.","og_url":"https:\/\/jungo.eu\/fr\/jungo-tv\/","og_site_name":"Jungo","article_modified_time":"2024-08-19T10:04:14+00:00","twitter_card":"summary_large_image","twitter_misc":{"Dur\u00e9e de lecture estim\u00e9e":"1 minute"},"schema":{"@context":"https:\/\/schema.org","@graph":[{"@type":"WebPage","@id":"https:\/\/jungo.eu\/fr\/jungo-tv\/","url":"https:\/\/jungo.eu\/fr\/jungo-tv\/","name":"Jungo TV - Jungo","isPartOf":{"@id":"https:\/\/jungo.eu\/fr\/#website"},"datePublished":"2022-03-30T13:07:39+00:00","dateModified":"2024-08-19T10:04:14+00:00","description":"Regardez toutes les vid\u00e9os de Jungo et de ses produits.","breadcrumb":{"@id":"https:\/\/jungo.eu\/fr\/jungo-tv\/#breadcrumb"},"inLanguage":"fr-FR","potentialAction":[{"@type":"ReadAction","target":["https:\/\/jungo.eu\/fr\/jungo-tv\/"]}]},{"@type":"BreadcrumbList","@id":"https:\/\/jungo.eu\/fr\/jungo-tv\/#breadcrumb","itemListElement":[{"@type":"ListItem","position":1,"name":"Accueil","item":"https:\/\/jungo.eu\/fr\/"},{"@type":"ListItem","position":2,"name":"Jungo TV"}]},{"@type":"WebSite","@id":"https:\/\/jungo.eu\/fr\/#website","url":"https:\/\/jungo.eu\/fr\/","name":"Jungo","description":"","publisher":{"@id":"https:\/\/jungo.eu\/fr\/#organization"},"potentialAction":[{"@type":"SearchAction","target":{"@type":"EntryPoint","urlTemplate":"https:\/\/jungo.eu\/fr\/?s={search_term_string}"},"query-input":{"@type":"PropertyValueSpecification","valueRequired":true,"valueName":"search_term_string"}}],"inLanguage":"fr-FR"},{"@type":"Organization","@id":"https:\/\/jungo.eu\/fr\/#organization","name":"Jungo","url":"https:\/\/jungo.eu\/fr\/","logo":{"@type":"ImageObject","inLanguage":"fr-FR","@id":"https:\/\/jungo.eu\/fr\/#\/schema\/logo\/image\/","url":"https:\/\/jungo.eu\/wp-content\/uploads\/2021\/05\/logo-jungo-250.png","contentUrl":"https:\/\/jungo.eu\/wp-content\/uploads\/2021\/05\/logo-jungo-250.png","width":250,"height":142,"caption":"Jungo"},"image":{"@id":"https:\/\/jungo.eu\/fr\/#\/schema\/logo\/image\/"}}]}},"_links":{"self":[{"href":"https:\/\/jungo.eu\/fr\/wp-json\/wp\/v2\/pages\/10412","targetHints":{"allow":["GET"]}}],"collection":[{"href":"https:\/\/jungo.eu\/fr\/wp-json\/wp\/v2\/pages"}],"about":[{"href":"https:\/\/jungo.eu\/fr\/wp-json\/wp\/v2\/types\/page"}],"author":[{"embeddable":true,"href":"https:\/\/jungo.eu\/fr\/wp-json\/wp\/v2\/users\/1"}],"replies":[{"embeddable":true,"href":"https:\/\/jungo.eu\/fr\/wp-json\/wp\/v2\/comments?post=10412"}],"version-history":[{"count":100,"href":"https:\/\/jungo.eu\/fr\/wp-json\/wp\/v2\/pages\/10412\/revisions"}],"predecessor-version":[{"id":16257,"href":"https:\/\/jungo.eu\/fr\/wp-json\/wp\/v2\/pages\/10412\/revisions\/16257"}],"wp:attachment":[{"href":"https:\/\/jungo.eu\/fr\/wp-json\/wp\/v2\/media?parent=10412"}],"curies":[{"name":"wp","href":"https:\/\/api.w.org\/{rel}","templated":true}]}}