{"id":9395,"date":"2021-11-26T10:24:28","date_gmt":"2021-11-26T09:24:28","guid":{"rendered":"https:\/\/jungo.eu\/?page_id=9395"},"modified":"2023-09-29T12:20:48","modified_gmt":"2023-09-29T10:20:48","slug":"karriere","status":"publish","type":"page","link":"https:\/\/jungo.eu\/de\/karriere\/","title":{"rendered":"Karriere"},"content":{"rendered":"\t\t<div data-elementor-type=\"wp-page\" data-elementor-id=\"9395\" class=\"elementor elementor-9395\" data-elementor-post-type=\"page\">\n\t\t\t\t\t\t<section class=\"elementor-section elementor-top-section elementor-element elementor-element-0d622ff elementor-section-boxed elementor-section-height-default elementor-section-height-default\" data-id=\"0d622ff\" data-element_type=\"section\" data-e-type=\"section\">\n\t\t\t\t\t\t<div class=\"elementor-container elementor-column-gap-default\">\n\t\t\t\t\t<div class=\"elementor-column elementor-col-100 elementor-top-column elementor-element elementor-element-0e1bb52\" data-id=\"0e1bb52\" data-element_type=\"column\" data-e-type=\"column\">\n\t\t\t<div class=\"elementor-widget-wrap elementor-element-populated\">\n\t\t\t\t\t\t<div class=\"elementor-element elementor-element-d72489a elementor-widget elementor-widget-heading\" data-id=\"d72489a\" data-element_type=\"widget\" data-e-type=\"widget\" data-widget_type=\"heading.default\">\n\t\t\t\t<div class=\"elementor-widget-container\">\n\t\t\t\t\t<h1 class=\"elementor-heading-title elementor-size-default\"><br>Wir suchen f\u00fcr unseren Standort \nin H\u00fcnenberg (Schweiz):<br><br><\/h1>\t\t\t\t<\/div>\n\t\t\t\t<\/div>\n\t\t\t\t\t<\/div>\n\t\t<\/div>\n\t\t\t\t\t<\/div>\n\t\t<\/section>\n\t\t\t\t<section class=\"elementor-section elementor-top-section elementor-element elementor-element-e49a691 elementor-section-boxed elementor-section-height-default elementor-section-height-default\" data-id=\"e49a691\" data-element_type=\"section\" data-e-type=\"section\">\n\t\t\t\t\t\t<div class=\"elementor-container elementor-column-gap-default\">\n\t\t\t\t\t<div class=\"elementor-column elementor-col-100 elementor-top-column elementor-element elementor-element-a3cf88b\" data-id=\"a3cf88b\" data-element_type=\"column\" data-e-type=\"column\">\n\t\t\t<div class=\"elementor-widget-wrap elementor-element-populated\">\n\t\t\t\t\t\t<div class=\"elementor-element elementor-element-9318e28 elementor-invisible elementor-widget elementor-widget-global elementor-global-9656 elementor-widget-the7-accordion\" data-id=\"9318e28\" data-element_type=\"widget\" data-e-type=\"widget\" data-settings=\"{&quot;_animation&quot;:&quot;fadeIn&quot;}\" data-widget_type=\"the7-accordion.default\">\n\t\t\t\t<div class=\"elementor-widget-container\">\n\t\t\t\t\t\t\t<div class=\"elementor-accordion the7-adv-accordion ac_top_bottom_borders ac_left_right_borders\" data-accordion-type=\"accordion\" role=\"tablist\">\n\t\t\t\t\t\t\t<div class=\"elementor-accordion-item\">\n\t\t\t\t\t<h4 id=\"elementor-tab-title-1541\" class=\"elementor-tab-title the7-accordion-header deactive-default\" data-tab=\"1\" role=\"tab\" aria-controls=\"elementor-tab-content-1541\">\n\n\t\t\t\t\t\t\t\t\t\t\t\t\t<span class=\"elementor-accordion-icon elementor-accordion-icon-left\" aria-hidden=\"true\">\n\t\t\t\t\t\t\t\t\t\t\t\t\t\t\t<span class=\"elementor-accordion-icon-closed\"><i class=\"fas fa-caret-down\"><\/i><\/span>\n\t\t\t\t\t\t\t\t\t\t\t\t\t\t\t\t\t<span class=\"elementor-accordion-icon-opened\"><i class=\"fas fa-caret-up\"><\/i><\/span>\n\t\t\t\t\t\t\t\t\t\t\t\t\t\t\t\t\t\t\t\t\t\t<\/span>\n\t\t\t\t\t\t\t\t\t\t\t\t\t\t\t\t\t\t\t<span class=\"elementor-accordion-tab-icon elementor-accordion-icon elementor-accordion-icon-right\" aria-hidden=\"true\">\n\t\t\t\t\t\t\t\t<div class=\"elementor-icon\"><i class=\"far fa-flag\"><\/i><\/div>\n\t\t\t\t\t\t\t<\/span>\n\t\t\t\t\t\t\t\t\t\t\t\t<a class=\"elementor-accordion-title\" href=\"\">MECHANIKER:IN 80 \u2013 100% (m\/w\/d)<\/a>\n\t\t\t\t\t<\/h4>\n\t\t\t\t\t<div id=\"elementor-tab-content-1541\" class=\"elementor-tab-content elementor-clearfix deactive-default\" data-tab=\"1\" role=\"tabpanel\" aria-labelledby=\"elementor-tab-title-1541\"><!--<strong>AUFGABEN<\/strong>\n\nZu Ihren Aufgaben geh\u00f6rt die Konzipierung und Entwicklung der JUNGO App, die die Schnittstelle zwischen unseren Fahrzeugen und der JUNGO Welt (Telematik, Service, Multimedia) darstellt. Die Erarbeitung und Entwicklung von technischen L\u00f6sungskonzepten\/ Architekturen finden in enger Abstimmung mit externen Partnerfirmen statt.\n\n<strong>ANFORDERUNGSPROFIL<\/strong>\n\n- Software-Entwickler\/in mit Gesp\u00fcr f\u00fcr die App- Entwicklung\n- Min. 2 Jahre Berufserfahrung in der objektorientierten Software-Entwicklung\n- Erfahrungen mit Android und\/oder IOS (von Vorteil)\n- Gute Sprachkenntnisse in Deutsch und Englisch\n- Erfahrung mit Programmiersprachen wie JavaScript, SWIFT, Ionic Framework, Phyton\n- Selbstst\u00e4ndige, kreative und begeisterungsf\u00e4hige Pers\u00f6nlichkeit mit strukturierter und zielorientierter Arbeitsweise\n- Freude an der Arbeit in funktions\u00fcbergreifenden und internationalen Teams\n\n<strong>ANGEBOT<\/strong>\n\n- Unbefristetes Arbeitsverh\u00e4ltnis\n- Flexible Arbeitszeiten und -orte\n- Anspruchsvolle Aufgabengebiete mit hoher Eigenverantwortung\n- Einarbeitung und Betreuung durch einen Paten\n- Engagiertes, hilfsbereites und dynamisches Team\n- Kurze Entscheidungswege und flache Hierarchie\n- Gute Weiterbildungs- und Entwicklungsm\u00f6glichkeiten vorhanden\n\n<strong>Sie m\u00f6chten sich gerne f\u00fcr die hier ausgeschriebene Stelle bewerben?<\/strong>\n\nBitte senden Sie uns Ihre ausf\u00fchrlichen Bewerbungsunterlagen in deutscher Sprache mit Anschreiben, Lebenslauf und Zeugnissen unter Angabe des Job-Titels an <a href=\"mailto:karriere@jungo.eu\" target=\"_blank\" rel=\"noopener\">karriere@jungo.eu<\/a> oder schriftlich an folgende Adresse:\n\n<strong>Jungo Tech GmbH<\/strong>\n\n<strong>Gesch\u00e4ftsf\u00fchrung<\/strong>\n<strong>Herr Peter Stanzel<\/strong>\n\n<strong>Hans-Adam-Allee 1\n<\/strong><strong>18299 Laage<\/strong>\n\n<strong>Tel.: +49 38454 3997-20<\/strong>\n-->\n<a href=\"\/wp-content\/uploads\/2023\/08\/Stellenausschreibung Mechaniker ICEE.pdf\" target=\"_blank\" rel=\"noopener\"><i class=\"fas fa-file-pdf\"><\/i>\u00a0<strong>&gt; .pdf laden<\/strong><\/a><\/div>\n\t\t\t\t<\/div>\n\t\t\t\t\t\t\t<div class=\"elementor-accordion-item\">\n\t\t\t\t\t<h4 id=\"elementor-tab-title-1542\" class=\"elementor-tab-title the7-accordion-header\" data-tab=\"2\" role=\"tab\" aria-controls=\"elementor-tab-content-1542\">\n\n\t\t\t\t\t\t\t\t\t\t\t\t\t<span class=\"elementor-accordion-icon elementor-accordion-icon-left\" aria-hidden=\"true\">\n\t\t\t\t\t\t\t\t\t\t\t\t\t\t\t<span class=\"elementor-accordion-icon-closed\"><i class=\"fas fa-caret-down\"><\/i><\/span>\n\t\t\t\t\t\t\t\t\t\t\t\t\t\t\t\t\t<span class=\"elementor-accordion-icon-opened\"><i class=\"fas fa-caret-up\"><\/i><\/span>\n\t\t\t\t\t\t\t\t\t\t\t\t\t\t\t\t\t\t\t\t\t\t<\/span>\n\t\t\t\t\t\t\t\t\t\t\t\t\t\t\t\t\t\t\t<span class=\"elementor-accordion-tab-icon elementor-accordion-icon elementor-accordion-icon-right\" aria-hidden=\"true\">\n\t\t\t\t\t\t\t\t<div class=\"elementor-icon\"><i class=\"far fa-flag\"><\/i><\/div>\n\t\t\t\t\t\t\t<\/span>\n\t\t\t\t\t\t\t\t\t\t\t\t<a class=\"elementor-accordion-title\" href=\"\">MECHATRONIKER:IN 80 \u2013 100% (m\/w\/d)<\/a>\n\t\t\t\t\t<\/h4>\n\t\t\t\t\t<div id=\"elementor-tab-content-1542\" class=\"elementor-tab-content elementor-clearfix\" data-tab=\"2\" role=\"tabpanel\" aria-labelledby=\"elementor-tab-title-1542\"><a href=\"\/wp-content\/uploads\/2023\/08\/Stellenausschreibung Mechatroniker ICEE.pdf\" target=\"_blank\" rel=\"noopener\"><i class=\"fas fa-file-pdf\"><\/i>\u00a0<strong>&gt; .pdf laden<\/strong><\/a><\/div>\n\t\t\t\t<\/div>\n\t\t\t\t\t\t\t<div class=\"elementor-accordion-item\">\n\t\t\t\t\t<h4 id=\"elementor-tab-title-1543\" class=\"elementor-tab-title the7-accordion-header\" data-tab=\"3\" role=\"tab\" aria-controls=\"elementor-tab-content-1543\">\n\n\t\t\t\t\t\t\t\t\t\t\t\t\t<span class=\"elementor-accordion-icon elementor-accordion-icon-left\" aria-hidden=\"true\">\n\t\t\t\t\t\t\t\t\t\t\t\t\t\t\t<span class=\"elementor-accordion-icon-closed\"><i class=\"fas fa-caret-down\"><\/i><\/span>\n\t\t\t\t\t\t\t\t\t\t\t\t\t\t\t\t\t<span class=\"elementor-accordion-icon-opened\"><i class=\"fas fa-caret-up\"><\/i><\/span>\n\t\t\t\t\t\t\t\t\t\t\t\t\t\t\t\t\t\t\t\t\t\t<\/span>\n\t\t\t\t\t\t\t\t\t\t\t\t\t\t\t\t\t\t\t<span class=\"elementor-accordion-tab-icon elementor-accordion-icon elementor-accordion-icon-right\" aria-hidden=\"true\">\n\t\t\t\t\t\t\t\t<div class=\"elementor-icon\"><i class=\"far fa-flag\"><\/i><\/div>\n\t\t\t\t\t\t\t<\/span>\n\t\t\t\t\t\t\t\t\t\t\t\t<a class=\"elementor-accordion-title\" href=\"\">SOFTWARE INGENIEUR:IN 80 \u2013 100% (m\/w\/d)<\/a>\n\t\t\t\t\t<\/h4>\n\t\t\t\t\t<div id=\"elementor-tab-content-1543\" class=\"elementor-tab-content elementor-clearfix\" data-tab=\"3\" role=\"tabpanel\" aria-labelledby=\"elementor-tab-title-1543\"><a href=\"\/wp-content\/uploads\/2023\/08\/Stellenausschreibung Software Ingenieur ICEE.pdf\" target=\"_blank\" rel=\"noopener\"><i class=\"fas fa-file-pdf\"><\/i>\u00a0<strong>&gt; .pdf laden<\/strong><\/a><\/div>\n\t\t\t\t<\/div>\n\t\t\t\t\t\t\t<div class=\"elementor-accordion-item\">\n\t\t\t\t\t<h4 id=\"elementor-tab-title-1544\" class=\"elementor-tab-title the7-accordion-header\" data-tab=\"4\" role=\"tab\" aria-controls=\"elementor-tab-content-1544\">\n\n\t\t\t\t\t\t\t\t\t\t\t\t\t<span class=\"elementor-accordion-icon elementor-accordion-icon-left\" aria-hidden=\"true\">\n\t\t\t\t\t\t\t\t\t\t\t\t\t\t\t<span class=\"elementor-accordion-icon-closed\"><i class=\"fas fa-caret-down\"><\/i><\/span>\n\t\t\t\t\t\t\t\t\t\t\t\t\t\t\t\t\t<span class=\"elementor-accordion-icon-opened\"><i class=\"fas fa-caret-up\"><\/i><\/span>\n\t\t\t\t\t\t\t\t\t\t\t\t\t\t\t\t\t\t\t\t\t\t<\/span>\n\t\t\t\t\t\t\t\t\t\t\t\t\t\t\t\t\t\t\t<span class=\"elementor-accordion-tab-icon elementor-accordion-icon elementor-accordion-icon-right\" aria-hidden=\"true\">\n\t\t\t\t\t\t\t\t<div class=\"elementor-icon\"><i class=\"far fa-flag\"><\/i><\/div>\n\t\t\t\t\t\t\t<\/span>\n\t\t\t\t\t\t\t\t\t\t\t\t<a class=\"elementor-accordion-title\" href=\"\">FINANZ UND HR VERANTWORTLICHER:E (M\/W\/D)<\/a>\n\t\t\t\t\t<\/h4>\n\t\t\t\t\t<div id=\"elementor-tab-content-1544\" class=\"elementor-tab-content elementor-clearfix\" data-tab=\"4\" role=\"tabpanel\" aria-labelledby=\"elementor-tab-title-1544\"><a href=\"\/wp-content\/uploads\/2023\/09\/Stelleninserate Finanz und HR Verantwortliche ICEE.pdf\" target=\"_blank\" rel=\"noopener\"><i class=\"fas fa-file-pdf\"><\/i>\u00a0<strong>&gt; .pdf laden<\/strong><\/a><\/div>\n\t\t\t\t<\/div>\n\t\t\t\t\t<\/div>\n\t\t\t\t\t\t<\/div>\n\t\t\t\t<\/div>\n\t\t\t\t\t<\/div>\n\t\t<\/div>\n\t\t\t\t\t<\/div>\n\t\t<\/section>\n\t\t\t\t<section class=\"elementor-section elementor-top-section elementor-element elementor-element-ee7b2f8 elementor-section-boxed elementor-section-height-default elementor-section-height-default\" data-id=\"ee7b2f8\" data-element_type=\"section\" data-e-type=\"section\">\n\t\t\t\t\t\t<div class=\"elementor-container elementor-column-gap-default\">\n\t\t\t\t\t<div class=\"elementor-column elementor-col-100 elementor-top-column elementor-element elementor-element-5c2448b\" data-id=\"5c2448b\" data-element_type=\"column\" data-e-type=\"column\">\n\t\t\t<div class=\"elementor-widget-wrap elementor-element-populated\">\n\t\t\t\t\t\t<div class=\"elementor-element elementor-element-a4b8442 elementor-widget elementor-widget-spacer\" data-id=\"a4b8442\" data-element_type=\"widget\" data-e-type=\"widget\" data-widget_type=\"spacer.default\">\n\t\t\t\t<div class=\"elementor-widget-container\">\n\t\t\t\t\t\t\t<div class=\"elementor-spacer\">\n\t\t\t<div class=\"elementor-spacer-inner\"><\/div>\n\t\t<\/div>\n\t\t\t\t\t\t<\/div>\n\t\t\t\t<\/div>\n\t\t\t\t<div class=\"elementor-element elementor-element-9a3fb65 elementor-invisible elementor-widget elementor-widget-image\" data-id=\"9a3fb65\" data-element_type=\"widget\" data-e-type=\"widget\" data-settings=\"{&quot;_animation&quot;:&quot;fadeIn&quot;}\" data-widget_type=\"image.default\">\n\t\t\t\t<div class=\"elementor-widget-container\">\n\t\t\t\t\t\t\t\t\t\t\t\t\t\t\t<img decoding=\"async\" width=\"250\" height=\"142\" src=\"https:\/\/jungo.eu\/wp-content\/uploads\/2021\/05\/logo-jungo-250.png\" class=\"attachment-large size-large wp-image-8889\" alt=\"\" \/>\t\t\t\t\t\t\t\t\t\t\t\t\t\t\t<\/div>\n\t\t\t\t<\/div>\n\t\t\t\t<div class=\"elementor-element elementor-element-bb92ea0 elementor-widget elementor-widget-spacer\" data-id=\"bb92ea0\" data-element_type=\"widget\" data-e-type=\"widget\" data-widget_type=\"spacer.default\">\n\t\t\t\t<div class=\"elementor-widget-container\">\n\t\t\t\t\t\t\t<div class=\"elementor-spacer\">\n\t\t\t<div class=\"elementor-spacer-inner\"><\/div>\n\t\t<\/div>\n\t\t\t\t\t\t<\/div>\n\t\t\t\t<\/div>\n\t\t\t\t\t<\/div>\n\t\t<\/div>\n\t\t\t\t\t<\/div>\n\t\t<\/section>\n\t\t\t\t<\/div>\n\t\t","protected":false},"excerpt":{"rendered":"<p>Wir suchen f\u00fcr unseren Standort in H\u00fcnenberg (Schweiz): MECHANIKER:IN 80 \u2013 100% (m\/w\/d) \u00a0&gt; .pdf laden MECHATRONIKER:IN 80 \u2013 100% (m\/w\/d) \u00a0&gt; .pdf laden SOFTWARE INGENIEUR:IN 80 \u2013 100% (m\/w\/d) \u00a0&gt; .pdf laden<\/p>\n","protected":false},"author":1,"featured_media":0,"parent":0,"menu_order":0,"comment_status":"closed","ping_status":"closed","template":"elementor_header_footer","meta":{"footnotes":""},"class_list":["post-9395","page","type-page","status-publish","hentry"],"yoast_head":"<!-- This site is optimized with the Yoast SEO plugin v27.4 - https:\/\/yoast.com\/product\/yoast-seo-wordpress\/ -->\n<title>Karriere - Jungo<\/title>\n<meta name=\"description\" content=\"Wir suchen f\u00fcr unseren Standort in H\u00fcnenberg (Schweiz).\" \/>\n<meta name=\"robots\" content=\"index, follow, max-snippet:-1, max-image-preview:large, max-video-preview:-1\" \/>\n<link rel=\"canonical\" href=\"https:\/\/jungo.eu\/de\/karriere\/\" \/>\n<meta property=\"og:locale\" content=\"de_DE\" \/>\n<meta property=\"og:type\" content=\"article\" \/>\n<meta property=\"og:title\" content=\"Karriere - Jungo\" \/>\n<meta property=\"og:description\" content=\"Wir suchen f\u00fcr unseren Standort in H\u00fcnenberg (Schweiz).\" \/>\n<meta property=\"og:url\" content=\"https:\/\/jungo.eu\/de\/karriere\/\" \/>\n<meta property=\"og:site_name\" content=\"Jungo\" \/>\n<meta property=\"article:modified_time\" content=\"2023-09-29T10:20:48+00:00\" \/>\n<meta property=\"og:image\" content=\"https:\/\/jungo.eu\/wp-content\/uploads\/2021\/05\/logo-jungo-250.png\" \/>\n<meta name=\"twitter:card\" content=\"summary_large_image\" \/>\n<meta name=\"twitter:label1\" content=\"Gesch\u00e4tzte Lesezeit\" \/>\n\t<meta name=\"twitter:data1\" content=\"7\u00a0Minuten\" \/>\n<script type=\"application\/ld+json\" class=\"yoast-schema-graph\">{\"@context\":\"https:\\\/\\\/schema.org\",\"@graph\":[{\"@type\":\"WebPage\",\"@id\":\"https:\\\/\\\/jungo.eu\\\/de\\\/karriere\\\/\",\"url\":\"https:\\\/\\\/jungo.eu\\\/de\\\/karriere\\\/\",\"name\":\"Karriere - Jungo\",\"isPartOf\":{\"@id\":\"https:\\\/\\\/jungo.eu\\\/de\\\/#website\"},\"primaryImageOfPage\":{\"@id\":\"https:\\\/\\\/jungo.eu\\\/de\\\/karriere\\\/#primaryimage\"},\"image\":{\"@id\":\"https:\\\/\\\/jungo.eu\\\/de\\\/karriere\\\/#primaryimage\"},\"thumbnailUrl\":\"https:\\\/\\\/jungo.eu\\\/wp-content\\\/uploads\\\/2021\\\/05\\\/logo-jungo-250.png\",\"datePublished\":\"2021-11-26T09:24:28+00:00\",\"dateModified\":\"2023-09-29T10:20:48+00:00\",\"description\":\"Wir suchen f\u00fcr unseren Standort in H\u00fcnenberg (Schweiz).\",\"breadcrumb\":{\"@id\":\"https:\\\/\\\/jungo.eu\\\/de\\\/karriere\\\/#breadcrumb\"},\"inLanguage\":\"de\",\"potentialAction\":[{\"@type\":\"ReadAction\",\"target\":[\"https:\\\/\\\/jungo.eu\\\/de\\\/karriere\\\/\"]}]},{\"@type\":\"ImageObject\",\"inLanguage\":\"de\",\"@id\":\"https:\\\/\\\/jungo.eu\\\/de\\\/karriere\\\/#primaryimage\",\"url\":\"https:\\\/\\\/jungo.eu\\\/wp-content\\\/uploads\\\/2021\\\/05\\\/logo-jungo-250.png\",\"contentUrl\":\"https:\\\/\\\/jungo.eu\\\/wp-content\\\/uploads\\\/2021\\\/05\\\/logo-jungo-250.png\"},{\"@type\":\"BreadcrumbList\",\"@id\":\"https:\\\/\\\/jungo.eu\\\/de\\\/karriere\\\/#breadcrumb\",\"itemListElement\":[{\"@type\":\"ListItem\",\"position\":1,\"name\":\"Accueil\",\"item\":\"https:\\\/\\\/jungo.eu\\\/de\\\/\"},{\"@type\":\"ListItem\",\"position\":2,\"name\":\"Karriere\"}]},{\"@type\":\"WebSite\",\"@id\":\"https:\\\/\\\/jungo.eu\\\/de\\\/#website\",\"url\":\"https:\\\/\\\/jungo.eu\\\/de\\\/\",\"name\":\"Jungo\",\"description\":\"\",\"publisher\":{\"@id\":\"https:\\\/\\\/jungo.eu\\\/de\\\/#organization\"},\"potentialAction\":[{\"@type\":\"SearchAction\",\"target\":{\"@type\":\"EntryPoint\",\"urlTemplate\":\"https:\\\/\\\/jungo.eu\\\/de\\\/?s={search_term_string}\"},\"query-input\":{\"@type\":\"PropertyValueSpecification\",\"valueRequired\":true,\"valueName\":\"search_term_string\"}}],\"inLanguage\":\"de\"},{\"@type\":\"Organization\",\"@id\":\"https:\\\/\\\/jungo.eu\\\/de\\\/#organization\",\"name\":\"Jungo\",\"url\":\"https:\\\/\\\/jungo.eu\\\/de\\\/\",\"logo\":{\"@type\":\"ImageObject\",\"inLanguage\":\"de\",\"@id\":\"https:\\\/\\\/jungo.eu\\\/de\\\/#\\\/schema\\\/logo\\\/image\\\/\",\"url\":\"https:\\\/\\\/jungo.eu\\\/wp-content\\\/uploads\\\/2021\\\/05\\\/logo-jungo-250.png\",\"contentUrl\":\"https:\\\/\\\/jungo.eu\\\/wp-content\\\/uploads\\\/2021\\\/05\\\/logo-jungo-250.png\",\"width\":250,\"height\":142,\"caption\":\"Jungo\"},\"image\":{\"@id\":\"https:\\\/\\\/jungo.eu\\\/de\\\/#\\\/schema\\\/logo\\\/image\\\/\"}}]}<\/script>\n<!-- \/ Yoast SEO plugin. -->","yoast_head_json":{"title":"Karriere - Jungo","description":"Wir suchen f\u00fcr unseren Standort in H\u00fcnenberg (Schweiz).","robots":{"index":"index","follow":"follow","max-snippet":"max-snippet:-1","max-image-preview":"max-image-preview:large","max-video-preview":"max-video-preview:-1"},"canonical":"https:\/\/jungo.eu\/de\/karriere\/","og_locale":"de_DE","og_type":"article","og_title":"Karriere - Jungo","og_description":"Wir suchen f\u00fcr unseren Standort in H\u00fcnenberg (Schweiz).","og_url":"https:\/\/jungo.eu\/de\/karriere\/","og_site_name":"Jungo","article_modified_time":"2023-09-29T10:20:48+00:00","og_image":[{"url":"https:\/\/jungo.eu\/wp-content\/uploads\/2021\/05\/logo-jungo-250.png","type":"","width":"","height":""}],"twitter_card":"summary_large_image","twitter_misc":{"Gesch\u00e4tzte Lesezeit":"7\u00a0Minuten"},"schema":{"@context":"https:\/\/schema.org","@graph":[{"@type":"WebPage","@id":"https:\/\/jungo.eu\/de\/karriere\/","url":"https:\/\/jungo.eu\/de\/karriere\/","name":"Karriere - Jungo","isPartOf":{"@id":"https:\/\/jungo.eu\/de\/#website"},"primaryImageOfPage":{"@id":"https:\/\/jungo.eu\/de\/karriere\/#primaryimage"},"image":{"@id":"https:\/\/jungo.eu\/de\/karriere\/#primaryimage"},"thumbnailUrl":"https:\/\/jungo.eu\/wp-content\/uploads\/2021\/05\/logo-jungo-250.png","datePublished":"2021-11-26T09:24:28+00:00","dateModified":"2023-09-29T10:20:48+00:00","description":"Wir suchen f\u00fcr unseren Standort in H\u00fcnenberg (Schweiz).","breadcrumb":{"@id":"https:\/\/jungo.eu\/de\/karriere\/#breadcrumb"},"inLanguage":"de","potentialAction":[{"@type":"ReadAction","target":["https:\/\/jungo.eu\/de\/karriere\/"]}]},{"@type":"ImageObject","inLanguage":"de","@id":"https:\/\/jungo.eu\/de\/karriere\/#primaryimage","url":"https:\/\/jungo.eu\/wp-content\/uploads\/2021\/05\/logo-jungo-250.png","contentUrl":"https:\/\/jungo.eu\/wp-content\/uploads\/2021\/05\/logo-jungo-250.png"},{"@type":"BreadcrumbList","@id":"https:\/\/jungo.eu\/de\/karriere\/#breadcrumb","itemListElement":[{"@type":"ListItem","position":1,"name":"Accueil","item":"https:\/\/jungo.eu\/de\/"},{"@type":"ListItem","position":2,"name":"Karriere"}]},{"@type":"WebSite","@id":"https:\/\/jungo.eu\/de\/#website","url":"https:\/\/jungo.eu\/de\/","name":"Jungo","description":"","publisher":{"@id":"https:\/\/jungo.eu\/de\/#organization"},"potentialAction":[{"@type":"SearchAction","target":{"@type":"EntryPoint","urlTemplate":"https:\/\/jungo.eu\/de\/?s={search_term_string}"},"query-input":{"@type":"PropertyValueSpecification","valueRequired":true,"valueName":"search_term_string"}}],"inLanguage":"de"},{"@type":"Organization","@id":"https:\/\/jungo.eu\/de\/#organization","name":"Jungo","url":"https:\/\/jungo.eu\/de\/","logo":{"@type":"ImageObject","inLanguage":"de","@id":"https:\/\/jungo.eu\/de\/#\/schema\/logo\/image\/","url":"https:\/\/jungo.eu\/wp-content\/uploads\/2021\/05\/logo-jungo-250.png","contentUrl":"https:\/\/jungo.eu\/wp-content\/uploads\/2021\/05\/logo-jungo-250.png","width":250,"height":142,"caption":"Jungo"},"image":{"@id":"https:\/\/jungo.eu\/de\/#\/schema\/logo\/image\/"}}]}},"_links":{"self":[{"href":"https:\/\/jungo.eu\/de\/wp-json\/wp\/v2\/pages\/9395","targetHints":{"allow":["GET"]}}],"collection":[{"href":"https:\/\/jungo.eu\/de\/wp-json\/wp\/v2\/pages"}],"about":[{"href":"https:\/\/jungo.eu\/de\/wp-json\/wp\/v2\/types\/page"}],"author":[{"embeddable":true,"href":"https:\/\/jungo.eu\/de\/wp-json\/wp\/v2\/users\/1"}],"replies":[{"embeddable":true,"href":"https:\/\/jungo.eu\/de\/wp-json\/wp\/v2\/comments?post=9395"}],"version-history":[{"count":253,"href":"https:\/\/jungo.eu\/de\/wp-json\/wp\/v2\/pages\/9395\/revisions"}],"predecessor-version":[{"id":16200,"href":"https:\/\/jungo.eu\/de\/wp-json\/wp\/v2\/pages\/9395\/revisions\/16200"}],"wp:attachment":[{"href":"https:\/\/jungo.eu\/de\/wp-json\/wp\/v2\/media?parent=9395"}],"curies":[{"name":"wp","href":"https:\/\/api.w.org\/{rel}","templated":true}]}}