{"id":9030,"date":"2021-06-17T09:45:46","date_gmt":"2021-06-17T07:45:46","guid":{"rendered":"https:\/\/creation.jungo.fr\/impressum\/"},"modified":"2024-10-29T09:55:34","modified_gmt":"2024-10-29T08:55:34","slug":"impressum","status":"publish","type":"page","link":"https:\/\/jungo.eu\/de\/impressum\/","title":{"rendered":"Impressum"},"content":{"rendered":"\t\t<div data-elementor-type=\"wp-page\" data-elementor-id=\"9030\" class=\"elementor elementor-9030 elementor-2513\" data-elementor-post-type=\"page\">\n\t\t\t\t\t\t<section class=\"elementor-section elementor-top-section elementor-element elementor-element-d4fcd7e elementor-section-boxed elementor-section-height-default elementor-section-height-default\" data-id=\"d4fcd7e\" data-element_type=\"section\" data-e-type=\"section\">\n\t\t\t\t\t\t<div class=\"elementor-container elementor-column-gap-default\">\n\t\t\t\t\t<div class=\"elementor-column elementor-col-100 elementor-top-column elementor-element elementor-element-729a7ae\" data-id=\"729a7ae\" data-element_type=\"column\" data-e-type=\"column\">\n\t\t\t<div class=\"elementor-widget-wrap elementor-element-populated\">\n\t\t\t\t\t\t<div class=\"elementor-element elementor-element-8b1a865 elementor-widget elementor-widget-text-editor\" data-id=\"8b1a865\" data-element_type=\"widget\" data-e-type=\"widget\" data-widget_type=\"text-editor.default\">\n\t\t\t\t<div class=\"elementor-widget-container\">\n\t\t\t\t\t\t\t\t\t<p><strong>DATENSCHUTZ<\/strong><\/p>\n<p>Diese Website benutzt Google Analytics, einen Webanalysedienst der Google Inc. (\u201eGoogle\u201c). Google Analytics verwendet sogenannte \u201eCookies\u201c &#8211; Textdateien, die auf Ihrem Computer gespeichert werden und die eine Analyse der Benutzung der Website durch Sie erm\u00f6glichen. Die durch den Cookie erzeugten Informationen \u00fcber Ihre Benutzung dieser Website (einschlie\u00dflich Ihrer IP-Adresse) werden an einen Server von Google in den USA \u00fcbertragen und dort gespeichert.<br>\nGoogle wird diese Informationen benutzen, um Ihre Nutzung der Website auszuwerten, um Reports \u00fcber die Website-Aktivit\u00e4ten f\u00fcr die Website-Betreiber zusammenzustellen und um weitere mit der Website-Nutzung und der Internet-Nutzung verbundene Dienstleistungen zu erbringen. Auch wird Google diese Informationen gegebenenfalls an Dritte \u00fcbertragen, sofern dies gesetzlich vorgeschrieben oder soweit Dritte diese Daten im Auftrag von Google verarbeiten. Google wird in keinem Fall Ihre IP-Adresse mit anderen Daten von Google in Verbindung bringen. Sie k\u00f6nnen die Installation der Cookies durch eine entsprechende Einstellung Ihrer Browser-Software verhindern. Wir weisen Sie jedoch darauf hin, dass Sie in diesem Fall gegebenenfalls nicht s\u00e4mtliche Funktionen dieser Website vollumf\u00e4nglich nutzen k\u00f6nnen. Durch die Nutzung<br>\ndieser Website erkl\u00e4ren Sie sich mit der Bearbeitung der \u00fcber Sie erhobenen Daten durch Google in der zuvor beschriebenen Art und Weise und zu dem zuvor benannten Zweck einverstanden. Der Datenerhebung und -speicherung kann jederzeit mit Wirkung f\u00fcr die Zukunft widersprochen werden.<br>\nDiese Website verwendet Google Analytics mit der Erweiterung _anonymizeIp(), das hei\u00dft, dass IP-Adressen nur verk\u00fcrzt gespeichert werden. Dieses Verfahren schlie\u00dft einen direkten Personenbezug im Allgemeinen aus<\/p>\n<p><strong>HAFTUNGSHINWEIS<\/strong><\/p>\n<p>Trotz sorgf\u00e4ltiger inhaltlicher Kontrolle, \u00fcbernehmen wir keine Haftung f\u00fcr die Inhalte anderer Links. F\u00fcr den Inhalt der verlinkten Seiten sind ausschlie\u00dflich deren Betreiber verantwortlich.<\/p>\n<p><strong>NUTZUNG<\/strong><br>\nDie Verwendung von Texten oder Bildern aus den Internet-Auftritten der ICEE-JUNGO AG, oder angeschlossener Firmen bzw. Niederlassungen, auch auszugsweise, bedarf der ausdr\u00fccklichen schriftlichen Genehmigung der ICEE-JUNGO AG<\/p>\n<p><strong>Alle Rechte vorbehalten<\/strong><br>\n<br>\nICEE-JUNGO AG&nbsp;<br>\nB\u00f6sch 37,<br>\nCH-6331 H\u00fcnenberg<br>\nSchweiz<\/p>\n<p>CEO : <strong>Nicolas Jungo<\/strong><\/p>\n<p><strong>WEBSITE<\/strong><br>\nWebmaster Studio | 67, avenue du G\u00e9n\u00e9ral Leclerc &#8211; 54 000 Nancy<\/p>\t\t\t\t\t\t\t\t<\/div>\n\t\t\t\t<\/div>\n\t\t\t\t\t<\/div>\n\t\t<\/div>\n\t\t\t\t\t<\/div>\n\t\t<\/section>\n\t\t\t\t<\/div>\n\t\t","protected":false},"excerpt":{"rendered":"<p>DATENSCHUTZ Diese Website benutzt Google Analytics, einen Webanalysedienst der Google Inc. (\u201eGoogle\u201c). Google Analytics verwendet sogenannte \u201eCookies\u201c &#8211; Textdateien, die auf Ihrem Computer gespeichert werden und die eine Analyse der Benutzung der Website durch Sie erm\u00f6glichen. Die durch den Cookie erzeugten Informationen \u00fcber Ihre Benutzung dieser Website (einschlie\u00dflich Ihrer IP-Adresse) werden an einen Server von&hellip;<\/p>\n","protected":false},"author":1,"featured_media":0,"parent":0,"menu_order":0,"comment_status":"closed","ping_status":"closed","template":"","meta":{"footnotes":""},"class_list":["post-9030","page","type-page","status-publish","hentry"],"yoast_head":"<!-- This site is optimized with the Yoast SEO plugin v27.4 - https:\/\/yoast.com\/product\/yoast-seo-wordpress\/ -->\n<title>Impressum - Jungo<\/title>\n<meta name=\"description\" content=\"Datenschutz, Haftungshinweis, Nutzung.\" \/>\n<meta name=\"robots\" content=\"index, follow, max-snippet:-1, max-image-preview:large, max-video-preview:-1\" \/>\n<link rel=\"canonical\" href=\"https:\/\/jungo.eu\/de\/impressum\/\" \/>\n<meta property=\"og:locale\" content=\"de_DE\" \/>\n<meta property=\"og:type\" content=\"article\" \/>\n<meta property=\"og:title\" content=\"Impressum - Jungo\" \/>\n<meta property=\"og:description\" content=\"Datenschutz, Haftungshinweis, Nutzung.\" \/>\n<meta property=\"og:url\" content=\"https:\/\/jungo.eu\/de\/impressum\/\" \/>\n<meta property=\"og:site_name\" content=\"Jungo\" \/>\n<meta property=\"article:modified_time\" content=\"2024-10-29T08:55:34+00:00\" \/>\n<meta name=\"twitter:card\" content=\"summary_large_image\" \/>\n<meta name=\"twitter:label1\" content=\"Gesch\u00e4tzte Lesezeit\" \/>\n\t<meta name=\"twitter:data1\" content=\"2\u00a0Minuten\" \/>\n<script type=\"application\/ld+json\" class=\"yoast-schema-graph\">{\"@context\":\"https:\\\/\\\/schema.org\",\"@graph\":[{\"@type\":\"WebPage\",\"@id\":\"https:\\\/\\\/jungo.eu\\\/de\\\/impressum\\\/\",\"url\":\"https:\\\/\\\/jungo.eu\\\/de\\\/impressum\\\/\",\"name\":\"Impressum - Jungo\",\"isPartOf\":{\"@id\":\"https:\\\/\\\/jungo.eu\\\/de\\\/#website\"},\"datePublished\":\"2021-06-17T07:45:46+00:00\",\"dateModified\":\"2024-10-29T08:55:34+00:00\",\"description\":\"Datenschutz, Haftungshinweis, Nutzung.\",\"breadcrumb\":{\"@id\":\"https:\\\/\\\/jungo.eu\\\/de\\\/impressum\\\/#breadcrumb\"},\"inLanguage\":\"de\",\"potentialAction\":[{\"@type\":\"ReadAction\",\"target\":[\"https:\\\/\\\/jungo.eu\\\/de\\\/impressum\\\/\"]}]},{\"@type\":\"BreadcrumbList\",\"@id\":\"https:\\\/\\\/jungo.eu\\\/de\\\/impressum\\\/#breadcrumb\",\"itemListElement\":[{\"@type\":\"ListItem\",\"position\":1,\"name\":\"Accueil\",\"item\":\"https:\\\/\\\/jungo.eu\\\/de\\\/\"},{\"@type\":\"ListItem\",\"position\":2,\"name\":\"Impressum\"}]},{\"@type\":\"WebSite\",\"@id\":\"https:\\\/\\\/jungo.eu\\\/de\\\/#website\",\"url\":\"https:\\\/\\\/jungo.eu\\\/de\\\/\",\"name\":\"Jungo\",\"description\":\"\",\"publisher\":{\"@id\":\"https:\\\/\\\/jungo.eu\\\/de\\\/#organization\"},\"potentialAction\":[{\"@type\":\"SearchAction\",\"target\":{\"@type\":\"EntryPoint\",\"urlTemplate\":\"https:\\\/\\\/jungo.eu\\\/de\\\/?s={search_term_string}\"},\"query-input\":{\"@type\":\"PropertyValueSpecification\",\"valueRequired\":true,\"valueName\":\"search_term_string\"}}],\"inLanguage\":\"de\"},{\"@type\":\"Organization\",\"@id\":\"https:\\\/\\\/jungo.eu\\\/de\\\/#organization\",\"name\":\"Jungo\",\"url\":\"https:\\\/\\\/jungo.eu\\\/de\\\/\",\"logo\":{\"@type\":\"ImageObject\",\"inLanguage\":\"de\",\"@id\":\"https:\\\/\\\/jungo.eu\\\/de\\\/#\\\/schema\\\/logo\\\/image\\\/\",\"url\":\"https:\\\/\\\/jungo.eu\\\/wp-content\\\/uploads\\\/2021\\\/05\\\/logo-jungo-250.png\",\"contentUrl\":\"https:\\\/\\\/jungo.eu\\\/wp-content\\\/uploads\\\/2021\\\/05\\\/logo-jungo-250.png\",\"width\":250,\"height\":142,\"caption\":\"Jungo\"},\"image\":{\"@id\":\"https:\\\/\\\/jungo.eu\\\/de\\\/#\\\/schema\\\/logo\\\/image\\\/\"}}]}<\/script>\n<!-- \/ Yoast SEO plugin. -->","yoast_head_json":{"title":"Impressum - Jungo","description":"Datenschutz, Haftungshinweis, Nutzung.","robots":{"index":"index","follow":"follow","max-snippet":"max-snippet:-1","max-image-preview":"max-image-preview:large","max-video-preview":"max-video-preview:-1"},"canonical":"https:\/\/jungo.eu\/de\/impressum\/","og_locale":"de_DE","og_type":"article","og_title":"Impressum - Jungo","og_description":"Datenschutz, Haftungshinweis, Nutzung.","og_url":"https:\/\/jungo.eu\/de\/impressum\/","og_site_name":"Jungo","article_modified_time":"2024-10-29T08:55:34+00:00","twitter_card":"summary_large_image","twitter_misc":{"Gesch\u00e4tzte Lesezeit":"2\u00a0Minuten"},"schema":{"@context":"https:\/\/schema.org","@graph":[{"@type":"WebPage","@id":"https:\/\/jungo.eu\/de\/impressum\/","url":"https:\/\/jungo.eu\/de\/impressum\/","name":"Impressum - Jungo","isPartOf":{"@id":"https:\/\/jungo.eu\/de\/#website"},"datePublished":"2021-06-17T07:45:46+00:00","dateModified":"2024-10-29T08:55:34+00:00","description":"Datenschutz, Haftungshinweis, Nutzung.","breadcrumb":{"@id":"https:\/\/jungo.eu\/de\/impressum\/#breadcrumb"},"inLanguage":"de","potentialAction":[{"@type":"ReadAction","target":["https:\/\/jungo.eu\/de\/impressum\/"]}]},{"@type":"BreadcrumbList","@id":"https:\/\/jungo.eu\/de\/impressum\/#breadcrumb","itemListElement":[{"@type":"ListItem","position":1,"name":"Accueil","item":"https:\/\/jungo.eu\/de\/"},{"@type":"ListItem","position":2,"name":"Impressum"}]},{"@type":"WebSite","@id":"https:\/\/jungo.eu\/de\/#website","url":"https:\/\/jungo.eu\/de\/","name":"Jungo","description":"","publisher":{"@id":"https:\/\/jungo.eu\/de\/#organization"},"potentialAction":[{"@type":"SearchAction","target":{"@type":"EntryPoint","urlTemplate":"https:\/\/jungo.eu\/de\/?s={search_term_string}"},"query-input":{"@type":"PropertyValueSpecification","valueRequired":true,"valueName":"search_term_string"}}],"inLanguage":"de"},{"@type":"Organization","@id":"https:\/\/jungo.eu\/de\/#organization","name":"Jungo","url":"https:\/\/jungo.eu\/de\/","logo":{"@type":"ImageObject","inLanguage":"de","@id":"https:\/\/jungo.eu\/de\/#\/schema\/logo\/image\/","url":"https:\/\/jungo.eu\/wp-content\/uploads\/2021\/05\/logo-jungo-250.png","contentUrl":"https:\/\/jungo.eu\/wp-content\/uploads\/2021\/05\/logo-jungo-250.png","width":250,"height":142,"caption":"Jungo"},"image":{"@id":"https:\/\/jungo.eu\/de\/#\/schema\/logo\/image\/"}}]}},"_links":{"self":[{"href":"https:\/\/jungo.eu\/de\/wp-json\/wp\/v2\/pages\/9030","targetHints":{"allow":["GET"]}}],"collection":[{"href":"https:\/\/jungo.eu\/de\/wp-json\/wp\/v2\/pages"}],"about":[{"href":"https:\/\/jungo.eu\/de\/wp-json\/wp\/v2\/types\/page"}],"author":[{"embeddable":true,"href":"https:\/\/jungo.eu\/de\/wp-json\/wp\/v2\/users\/1"}],"replies":[{"embeddable":true,"href":"https:\/\/jungo.eu\/de\/wp-json\/wp\/v2\/comments?post=9030"}],"version-history":[{"count":8,"href":"https:\/\/jungo.eu\/de\/wp-json\/wp\/v2\/pages\/9030\/revisions"}],"predecessor-version":[{"id":16277,"href":"https:\/\/jungo.eu\/de\/wp-json\/wp\/v2\/pages\/9030\/revisions\/16277"}],"wp:attachment":[{"href":"https:\/\/jungo.eu\/de\/wp-json\/wp\/v2\/media?parent=9030"}],"curies":[{"name":"wp","href":"https:\/\/api.w.org\/{rel}","templated":true}]}}