{"id":8911,"date":"2021-05-20T09:11:24","date_gmt":"2021-05-20T07:11:24","guid":{"rendered":"https:\/\/creation.jungo.fr\/kontakt\/"},"modified":"2022-05-30T11:23:09","modified_gmt":"2022-05-30T09:23:09","slug":"kontakt","status":"publish","type":"page","link":"https:\/\/jungo.eu\/de\/kontakt\/","title":{"rendered":"Kontakt"},"content":{"rendered":"\t\t<div data-elementor-type=\"wp-page\" data-elementor-id=\"8911\" class=\"elementor elementor-8911 elementor-8048\" data-elementor-post-type=\"page\">\n\t\t\t\t\t\t<section class=\"elementor-section elementor-top-section elementor-element elementor-element-988eca8 elementor-section-boxed elementor-section-height-default elementor-section-height-default\" data-id=\"988eca8\" data-element_type=\"section\" data-e-type=\"section\">\n\t\t\t\t\t\t<div class=\"elementor-container elementor-column-gap-default\">\n\t\t\t\t\t<div class=\"elementor-column elementor-col-100 elementor-top-column elementor-element elementor-element-b586f75\" data-id=\"b586f75\" data-element_type=\"column\" data-e-type=\"column\">\n\t\t\t<div class=\"elementor-widget-wrap elementor-element-populated\">\n\t\t\t\t\t\t<div class=\"elementor-element elementor-element-0c2b0a4 elementor-widget elementor-widget-shortcode\" data-id=\"0c2b0a4\" data-element_type=\"widget\" data-e-type=\"widget\" data-widget_type=\"shortcode.default\">\n\t\t\t\t<div class=\"elementor-widget-container\">\n\t\t\t\t\t\t\t<div class=\"elementor-shortcode\">\n<div class=\"wpcf7 no-js\" id=\"wpcf7-f8958-o1\" lang=\"de-DE\" dir=\"ltr\" data-wpcf7-id=\"8958\">\n<div class=\"screen-reader-response\"><p role=\"status\" aria-live=\"polite\" aria-atomic=\"true\"><\/p> <ul><\/ul><\/div>\n<form action=\"\/de\/wp-json\/wp\/v2\/pages\/8911#wpcf7-f8958-o1\" method=\"post\" class=\"wpcf7-form init\" aria-label=\"Kontaktformular\" novalidate=\"novalidate\" data-status=\"init\">\n<fieldset class=\"hidden-fields-container\"><input type=\"hidden\" name=\"_wpcf7\" value=\"8958\" \/><input type=\"hidden\" name=\"_wpcf7_version\" value=\"6.1.5\" \/><input type=\"hidden\" name=\"_wpcf7_locale\" value=\"de_DE\" \/><input type=\"hidden\" name=\"_wpcf7_unit_tag\" value=\"wpcf7-f8958-o1\" \/><input type=\"hidden\" name=\"_wpcf7_container_post\" value=\"0\" \/><input type=\"hidden\" name=\"_wpcf7_posted_data_hash\" value=\"\" \/>\n<\/fieldset>\n<label> Vorname *\n    <span class=\"wpcf7-form-control-wrap\" data-name=\"your-firstname\"><input size=\"40\" maxlength=\"400\" class=\"wpcf7-form-control wpcf7-text wpcf7-validates-as-required\" aria-required=\"true\" aria-invalid=\"false\" value=\"\" type=\"text\" name=\"your-firstname\" \/><\/span> <\/label>\n<label> Name *\n    <span class=\"wpcf7-form-control-wrap\" data-name=\"your-lastname\"><input size=\"40\" maxlength=\"400\" class=\"wpcf7-form-control wpcf7-text wpcf7-validates-as-required\" aria-required=\"true\" aria-invalid=\"false\" value=\"\" type=\"text\" name=\"your-lastname\" \/><\/span> <\/label>\n\n<label>Email *\n    <span class=\"wpcf7-form-control-wrap\" data-name=\"your-email\"><input size=\"40\" maxlength=\"400\" class=\"wpcf7-form-control wpcf7-email wpcf7-validates-as-required wpcf7-text wpcf7-validates-as-email\" aria-required=\"true\" aria-invalid=\"false\" value=\"\" type=\"email\" name=\"your-email\" \/><\/span> <\/label>\n\n<label> Kommentar*\n    <span class=\"wpcf7-form-control-wrap\" data-name=\"your-message\"><textarea cols=\"40\" rows=\"10\" maxlength=\"2000\" class=\"wpcf7-form-control wpcf7-textarea wpcf7-validates-as-required\" aria-required=\"true\" aria-invalid=\"false\" name=\"your-message\"><\/textarea><\/span> <\/label>\n<label>\n    <span class=\"wpcf7-form-control-wrap\" data-name=\"quiz-906\"><label><span class=\"wpcf7-quiz-label\">Was ist die gr\u00f6\u00dfere Zahl zwischen 5 und 10 ?<\/span> <input size=\"40\" class=\"wpcf7-form-control wpcf7-quiz\" autocomplete=\"off\" aria-required=\"true\" aria-invalid=\"false\" type=\"text\" name=\"quiz-906\" \/><\/label><input type=\"hidden\" name=\"_wpcf7_quiz_answer_quiz-906\" value=\"7b8ba236837bca5d74c797059004d9e0\" \/><\/span> <\/label>\n\n<input class=\"wpcf7-form-control wpcf7-hidden\" value=\"c\" type=\"hidden\" name=\"c\" \/>\n\n<input class=\"wpcf7-form-control wpcf7-submit has-spinner\" type=\"submit\" value=\"Senden\" \/><div class=\"wpcf7-response-output\" aria-hidden=\"true\"><\/div>\n<\/form>\n<\/div>\n<\/div>\n\t\t\t\t\t\t<\/div>\n\t\t\t\t<\/div>\n\t\t\t\t\t<\/div>\n\t\t<\/div>\n\t\t\t\t\t<\/div>\n\t\t<\/section>\n\t\t\t\t<\/div>\n\t\t","protected":false},"excerpt":{"rendered":"<p>Vorname * Name * Email * Kommentar* Was ist die kleinste Zahl zwischen 1 und 7 ?<\/p>\n","protected":false},"author":1,"featured_media":0,"parent":0,"menu_order":0,"comment_status":"closed","ping_status":"closed","template":"","meta":{"footnotes":""},"class_list":["post-8911","page","type-page","status-publish","hentry"],"yoast_head":"<!-- This site is optimized with the Yoast SEO plugin v27.5 - https:\/\/yoast.com\/product\/yoast-seo-wordpress\/ -->\n<title>Kontaktformular | Jungo<\/title>\n<meta name=\"description\" content=\"F\u00fcr jede Informationsanfrage z\u00f6gern Sie nicht, uns \u00fcber unser Kontaktformular zu kontaktieren.\" \/>\n<meta name=\"robots\" content=\"index, follow, max-snippet:-1, max-image-preview:large, max-video-preview:-1\" \/>\n<link rel=\"canonical\" href=\"https:\/\/jungo.eu\/de\/kontakt\/\" \/>\n<meta property=\"og:locale\" content=\"de_DE\" \/>\n<meta property=\"og:type\" content=\"article\" \/>\n<meta property=\"og:title\" content=\"Kontaktformular | Jungo\" \/>\n<meta property=\"og:description\" content=\"F\u00fcr jede Informationsanfrage z\u00f6gern Sie nicht, uns \u00fcber unser Kontaktformular zu kontaktieren.\" \/>\n<meta property=\"og:url\" content=\"https:\/\/jungo.eu\/de\/kontakt\/\" \/>\n<meta property=\"og:site_name\" content=\"Jungo\" \/>\n<meta property=\"article:modified_time\" content=\"2022-05-30T09:23:09+00:00\" \/>\n<meta name=\"twitter:card\" content=\"summary_large_image\" \/>\n<meta name=\"twitter:label1\" content=\"Gesch\u00e4tzte Lesezeit\" \/>\n\t<meta name=\"twitter:data1\" content=\"1\u00a0Minute\" \/>\n<script type=\"application\/ld+json\" class=\"yoast-schema-graph\">{\"@context\":\"https:\\\/\\\/schema.org\",\"@graph\":[{\"@type\":\"WebPage\",\"@id\":\"https:\\\/\\\/jungo.eu\\\/de\\\/kontakt\\\/\",\"url\":\"https:\\\/\\\/jungo.eu\\\/de\\\/kontakt\\\/\",\"name\":\"Kontaktformular | Jungo\",\"isPartOf\":{\"@id\":\"https:\\\/\\\/jungo.eu\\\/de\\\/#website\"},\"datePublished\":\"2021-05-20T07:11:24+00:00\",\"dateModified\":\"2022-05-30T09:23:09+00:00\",\"description\":\"F\u00fcr jede Informationsanfrage z\u00f6gern Sie nicht, uns \u00fcber unser Kontaktformular zu kontaktieren.\",\"breadcrumb\":{\"@id\":\"https:\\\/\\\/jungo.eu\\\/de\\\/kontakt\\\/#breadcrumb\"},\"inLanguage\":\"de\",\"potentialAction\":[{\"@type\":\"ReadAction\",\"target\":[\"https:\\\/\\\/jungo.eu\\\/de\\\/kontakt\\\/\"]}]},{\"@type\":\"BreadcrumbList\",\"@id\":\"https:\\\/\\\/jungo.eu\\\/de\\\/kontakt\\\/#breadcrumb\",\"itemListElement\":[{\"@type\":\"ListItem\",\"position\":1,\"name\":\"Accueil\",\"item\":\"https:\\\/\\\/jungo.eu\\\/de\\\/\"},{\"@type\":\"ListItem\",\"position\":2,\"name\":\"Kontakt\"}]},{\"@type\":\"WebSite\",\"@id\":\"https:\\\/\\\/jungo.eu\\\/de\\\/#website\",\"url\":\"https:\\\/\\\/jungo.eu\\\/de\\\/\",\"name\":\"Jungo\",\"description\":\"\",\"publisher\":{\"@id\":\"https:\\\/\\\/jungo.eu\\\/de\\\/#organization\"},\"potentialAction\":[{\"@type\":\"SearchAction\",\"target\":{\"@type\":\"EntryPoint\",\"urlTemplate\":\"https:\\\/\\\/jungo.eu\\\/de\\\/?s={search_term_string}\"},\"query-input\":{\"@type\":\"PropertyValueSpecification\",\"valueRequired\":true,\"valueName\":\"search_term_string\"}}],\"inLanguage\":\"de\"},{\"@type\":\"Organization\",\"@id\":\"https:\\\/\\\/jungo.eu\\\/de\\\/#organization\",\"name\":\"Jungo\",\"url\":\"https:\\\/\\\/jungo.eu\\\/de\\\/\",\"logo\":{\"@type\":\"ImageObject\",\"inLanguage\":\"de\",\"@id\":\"https:\\\/\\\/jungo.eu\\\/de\\\/#\\\/schema\\\/logo\\\/image\\\/\",\"url\":\"https:\\\/\\\/jungo.eu\\\/wp-content\\\/uploads\\\/2021\\\/05\\\/logo-jungo-250.png\",\"contentUrl\":\"https:\\\/\\\/jungo.eu\\\/wp-content\\\/uploads\\\/2021\\\/05\\\/logo-jungo-250.png\",\"width\":250,\"height\":142,\"caption\":\"Jungo\"},\"image\":{\"@id\":\"https:\\\/\\\/jungo.eu\\\/de\\\/#\\\/schema\\\/logo\\\/image\\\/\"}}]}<\/script>\n<!-- \/ Yoast SEO plugin. -->","yoast_head_json":{"title":"Kontaktformular | Jungo","description":"F\u00fcr jede Informationsanfrage z\u00f6gern Sie nicht, uns \u00fcber unser Kontaktformular zu kontaktieren.","robots":{"index":"index","follow":"follow","max-snippet":"max-snippet:-1","max-image-preview":"max-image-preview:large","max-video-preview":"max-video-preview:-1"},"canonical":"https:\/\/jungo.eu\/de\/kontakt\/","og_locale":"de_DE","og_type":"article","og_title":"Kontaktformular | Jungo","og_description":"F\u00fcr jede Informationsanfrage z\u00f6gern Sie nicht, uns \u00fcber unser Kontaktformular zu kontaktieren.","og_url":"https:\/\/jungo.eu\/de\/kontakt\/","og_site_name":"Jungo","article_modified_time":"2022-05-30T09:23:09+00:00","twitter_card":"summary_large_image","twitter_misc":{"Gesch\u00e4tzte Lesezeit":"1\u00a0Minute"},"schema":{"@context":"https:\/\/schema.org","@graph":[{"@type":"WebPage","@id":"https:\/\/jungo.eu\/de\/kontakt\/","url":"https:\/\/jungo.eu\/de\/kontakt\/","name":"Kontaktformular | Jungo","isPartOf":{"@id":"https:\/\/jungo.eu\/de\/#website"},"datePublished":"2021-05-20T07:11:24+00:00","dateModified":"2022-05-30T09:23:09+00:00","description":"F\u00fcr jede Informationsanfrage z\u00f6gern Sie nicht, uns \u00fcber unser Kontaktformular zu kontaktieren.","breadcrumb":{"@id":"https:\/\/jungo.eu\/de\/kontakt\/#breadcrumb"},"inLanguage":"de","potentialAction":[{"@type":"ReadAction","target":["https:\/\/jungo.eu\/de\/kontakt\/"]}]},{"@type":"BreadcrumbList","@id":"https:\/\/jungo.eu\/de\/kontakt\/#breadcrumb","itemListElement":[{"@type":"ListItem","position":1,"name":"Accueil","item":"https:\/\/jungo.eu\/de\/"},{"@type":"ListItem","position":2,"name":"Kontakt"}]},{"@type":"WebSite","@id":"https:\/\/jungo.eu\/de\/#website","url":"https:\/\/jungo.eu\/de\/","name":"Jungo","description":"","publisher":{"@id":"https:\/\/jungo.eu\/de\/#organization"},"potentialAction":[{"@type":"SearchAction","target":{"@type":"EntryPoint","urlTemplate":"https:\/\/jungo.eu\/de\/?s={search_term_string}"},"query-input":{"@type":"PropertyValueSpecification","valueRequired":true,"valueName":"search_term_string"}}],"inLanguage":"de"},{"@type":"Organization","@id":"https:\/\/jungo.eu\/de\/#organization","name":"Jungo","url":"https:\/\/jungo.eu\/de\/","logo":{"@type":"ImageObject","inLanguage":"de","@id":"https:\/\/jungo.eu\/de\/#\/schema\/logo\/image\/","url":"https:\/\/jungo.eu\/wp-content\/uploads\/2021\/05\/logo-jungo-250.png","contentUrl":"https:\/\/jungo.eu\/wp-content\/uploads\/2021\/05\/logo-jungo-250.png","width":250,"height":142,"caption":"Jungo"},"image":{"@id":"https:\/\/jungo.eu\/de\/#\/schema\/logo\/image\/"}}]}},"_links":{"self":[{"href":"https:\/\/jungo.eu\/de\/wp-json\/wp\/v2\/pages\/8911","targetHints":{"allow":["GET"]}}],"collection":[{"href":"https:\/\/jungo.eu\/de\/wp-json\/wp\/v2\/pages"}],"about":[{"href":"https:\/\/jungo.eu\/de\/wp-json\/wp\/v2\/types\/page"}],"author":[{"embeddable":true,"href":"https:\/\/jungo.eu\/de\/wp-json\/wp\/v2\/users\/1"}],"replies":[{"embeddable":true,"href":"https:\/\/jungo.eu\/de\/wp-json\/wp\/v2\/comments?post=8911"}],"version-history":[{"count":4,"href":"https:\/\/jungo.eu\/de\/wp-json\/wp\/v2\/pages\/8911\/revisions"}],"predecessor-version":[{"id":12553,"href":"https:\/\/jungo.eu\/de\/wp-json\/wp\/v2\/pages\/8911\/revisions\/12553"}],"wp:attachment":[{"href":"https:\/\/jungo.eu\/de\/wp-json\/wp\/v2\/media?parent=8911"}],"curies":[{"name":"wp","href":"https:\/\/api.w.org\/{rel}","templated":true}]}}