{"id":12336,"date":"2022-06-01T11:42:33","date_gmt":"2022-06-01T09:42:33","guid":{"rendered":"https:\/\/jungo.eu\/produkte\/"},"modified":"2022-06-08T16:34:52","modified_gmt":"2022-06-08T14:34:52","slug":"produkte","status":"publish","type":"page","link":"https:\/\/jungo.eu\/de\/produkte\/","title":{"rendered":"Produkte"},"content":{"rendered":"\t\t<div data-elementor-type=\"wp-page\" data-elementor-id=\"12336\" class=\"elementor elementor-12336 elementor-2\" data-elementor-post-type=\"page\">\n\t\t\t\t\t\t<section class=\"elementor-section elementor-top-section elementor-element elementor-element-f56951d elementor-section-boxed elementor-section-height-default elementor-section-height-default\" data-id=\"f56951d\" data-element_type=\"section\" data-e-type=\"section\" data-settings=\"{&quot;background_background&quot;:&quot;classic&quot;}\">\n\t\t\t\t\t\t<div class=\"elementor-container elementor-column-gap-default\">\n\t\t\t\t\t<div class=\"elementor-column elementor-col-33 elementor-top-column elementor-element elementor-element-06620e0\" data-id=\"06620e0\" data-element_type=\"column\" data-e-type=\"column\">\n\t\t\t<div class=\"elementor-widget-wrap elementor-element-populated\">\n\t\t\t\t\t\t<div class=\"elementor-element elementor-element-539bab4 elementor-widget elementor-widget-spacer\" data-id=\"539bab4\" data-element_type=\"widget\" data-e-type=\"widget\" data-widget_type=\"spacer.default\">\n\t\t\t\t<div class=\"elementor-widget-container\">\n\t\t\t\t\t\t\t<div class=\"elementor-spacer\">\n\t\t\t<div class=\"elementor-spacer-inner\"><\/div>\n\t\t<\/div>\n\t\t\t\t\t\t<\/div>\n\t\t\t\t<\/div>\n\t\t\t\t\t<\/div>\n\t\t<\/div>\n\t\t\t\t<div class=\"elementor-column elementor-col-33 elementor-top-column elementor-element elementor-element-7074d04\" data-id=\"7074d04\" data-element_type=\"column\" data-e-type=\"column\">\n\t\t\t<div class=\"elementor-widget-wrap elementor-element-populated\">\n\t\t\t\t\t\t<div class=\"elementor-element elementor-element-1c3a9a7 elementor-widget elementor-widget-spacer\" data-id=\"1c3a9a7\" data-element_type=\"widget\" data-e-type=\"widget\" data-widget_type=\"spacer.default\">\n\t\t\t\t<div class=\"elementor-widget-container\">\n\t\t\t\t\t\t\t<div class=\"elementor-spacer\">\n\t\t\t<div class=\"elementor-spacer-inner\"><\/div>\n\t\t<\/div>\n\t\t\t\t\t\t<\/div>\n\t\t\t\t<\/div>\n\t\t\t\t<div class=\"elementor-element elementor-element-ee5e050 elementor-widget elementor-widget-heading\" data-id=\"ee5e050\" data-element_type=\"widget\" data-e-type=\"widget\" data-widget_type=\"heading.default\">\n\t\t\t\t<div class=\"elementor-widget-container\">\n\t\t\t\t\t<h2 class=\"elementor-heading-title elementor-size-xl\">JUNGO 3.0<\/h2>\t\t\t\t<\/div>\n\t\t\t\t<\/div>\n\t\t\t\t<div class=\"elementor-element elementor-element-11a8f3c elementor-widget elementor-widget-heading\" data-id=\"11a8f3c\" data-element_type=\"widget\" data-e-type=\"widget\" data-widget_type=\"heading.default\">\n\t\t\t\t<div class=\"elementor-widget-container\">\n\t\t\t\t\t<h2 class=\"elementor-heading-title elementor-size-default\">Extraordinaire, unique, r\u00e9volutionnaire<\/h2>\t\t\t\t<\/div>\n\t\t\t\t<\/div>\n\t\t\t\t<div class=\"elementor-element elementor-element-9da034c elementor-widget elementor-widget-text-editor\" data-id=\"9da034c\" data-element_type=\"widget\" data-e-type=\"widget\" data-widget_type=\"text-editor.default\">\n\t\t\t\t<div class=\"elementor-widget-container\">\n\t\t\t\t\t\t\t\t\tJUNGO 3.0 \u00e9tablit de nouvelles normes \u00e9cologiques et techniques. \r\nComme il a \u00e9t\u00e9 con\u00e7u \u00e0 partir de z\u00e9ro. Sans compromis. \r\nCent pour cent orient\u00e9 vers les besoins futurs. Participez et laissez-vous s\u00e9duire par le v\u00e9hicule municipal le plus \u00e9cologique et le plus avanc\u00e9 de l&#8217;industrie.\t\t\t\t\t\t\t\t<\/div>\n\t\t\t\t<\/div>\n\t\t\t\t<div class=\"elementor-element elementor-element-0a9eaf0 elementor-widget elementor-widget-spacer\" data-id=\"0a9eaf0\" data-element_type=\"widget\" data-e-type=\"widget\" data-widget_type=\"spacer.default\">\n\t\t\t\t<div class=\"elementor-widget-container\">\n\t\t\t\t\t\t\t<div class=\"elementor-spacer\">\n\t\t\t<div class=\"elementor-spacer-inner\"><\/div>\n\t\t<\/div>\n\t\t\t\t\t\t<\/div>\n\t\t\t\t<\/div>\n\t\t\t\t\t<\/div>\n\t\t<\/div>\n\t\t\t\t<div class=\"elementor-column elementor-col-33 elementor-top-column elementor-element elementor-element-751367f\" data-id=\"751367f\" data-element_type=\"column\" data-e-type=\"column\">\n\t\t\t<div class=\"elementor-widget-wrap elementor-element-populated\">\n\t\t\t\t\t\t<div class=\"elementor-element elementor-element-f204cc3 elementor-widget elementor-widget-spacer\" data-id=\"f204cc3\" data-element_type=\"widget\" data-e-type=\"widget\" data-widget_type=\"spacer.default\">\n\t\t\t\t<div class=\"elementor-widget-container\">\n\t\t\t\t\t\t\t<div class=\"elementor-spacer\">\n\t\t\t<div class=\"elementor-spacer-inner\"><\/div>\n\t\t<\/div>\n\t\t\t\t\t\t<\/div>\n\t\t\t\t<\/div>\n\t\t\t\t<div class=\"elementor-element elementor-element-b371a06 elementor-widget elementor-widget-text-editor\" data-id=\"b371a06\" data-element_type=\"widget\" data-e-type=\"widget\" data-widget_type=\"text-editor.default\">\n\t\t\t\t<div class=\"elementor-widget-container\">\n\t\t\t\t\t\t\t\t\tInscrivez-vous maintenant et suivez notre live exceptionnel !\t\t\t\t\t\t\t\t<\/div>\n\t\t\t\t<\/div>\n\t\t\t\t<div class=\"elementor-element elementor-element-f6dda96 elementor-widget elementor-widget-image\" data-id=\"f6dda96\" data-element_type=\"widget\" data-e-type=\"widget\" data-widget_type=\"image.default\">\n\t\t\t\t<div class=\"elementor-widget-container\">\n\t\t\t\t\t\t\t\t\t\t\t\t\t\t\t\t<a href=\"https:\/\/jungo.eu\/inscription-live\/?lang=de\">\n\t\t\t\t\t\t\t<img decoding=\"async\" width=\"334\" height=\"41\" src=\"https:\/\/jungo.eu\/wp-content\/uploads\/2022\/03\/btn-subcribe-fr.png\" class=\"attachment-large size-large wp-image-10240\" alt=\"\" srcset=\"https:\/\/jungo.eu\/wp-content\/uploads\/2022\/03\/btn-subcribe-fr.png 334w, https:\/\/jungo.eu\/wp-content\/uploads\/2022\/03\/btn-subcribe-fr-300x37.png 300w\" sizes=\"(max-width: 334px) 100vw, 334px\" \/>\t\t\t\t\t\t\t\t<\/a>\n\t\t\t\t\t\t\t\t\t\t\t\t\t\t\t<\/div>\n\t\t\t\t<\/div>\n\t\t\t\t<div class=\"elementor-element elementor-element-7c8a887 elementor-widget elementor-widget-text-editor\" data-id=\"7c8a887\" data-element_type=\"widget\" data-e-type=\"widget\" data-widget_type=\"text-editor.default\">\n\t\t\t\t<div class=\"elementor-widget-container\">\n\t\t\t\t\t\t\t\t\tIFAT Munich | 30 mai 2022 \u00e0 11.00 heure | Hall C5, Stand 417\t\t\t\t\t\t\t\t<\/div>\n\t\t\t\t<\/div>\n\t\t\t\t\t<\/div>\n\t\t<\/div>\n\t\t\t\t\t<\/div>\n\t\t<\/section>\n\t\t\t\t<\/div>\n\t\t","protected":false},"excerpt":{"rendered":"<p>JUNGO 3.0 Extraordinaire, unique, r\u00e9volutionnaire JUNGO 3.0 \u00e9tablit de nouvelles normes \u00e9cologiques et techniques. Comme il a \u00e9t\u00e9 con\u00e7u \u00e0 partir de z\u00e9ro. Sans compromis. Cent pour cent orient\u00e9 vers les besoins futurs. Participez et laissez-vous s\u00e9duire par le v\u00e9hicule municipal le plus \u00e9cologique et le plus avanc\u00e9 de l&#8217;industrie. Inscrivez-vous maintenant et suivez notre&hellip;<\/p>\n","protected":false},"author":1,"featured_media":0,"parent":0,"menu_order":0,"comment_status":"closed","ping_status":"closed","template":"template-products-list.php","meta":{"footnotes":""},"class_list":["post-12336","page","type-page","status-publish","hentry"],"yoast_head":"<!-- This site is optimized with the Yoast SEO plugin v27.4 - https:\/\/yoast.com\/product\/yoast-seo-wordpress\/ -->\n<title>Produkte \u2013 Multifunktional Elektrofahrzeuge | Jungo<\/title>\n<meta name=\"description\" content=\"Konfigurieren Sie Ihren neuen Jungo 3.0 mit dem Online-Konfigurator.\" \/>\n<meta name=\"robots\" content=\"index, follow, max-snippet:-1, max-image-preview:large, max-video-preview:-1\" \/>\n<link rel=\"canonical\" href=\"https:\/\/jungo.eu\/de\/produkte\/\" \/>\n<meta property=\"og:locale\" content=\"de_DE\" \/>\n<meta property=\"og:type\" content=\"article\" \/>\n<meta property=\"og:title\" content=\"Produkte \u2013 Multifunktional Elektrofahrzeuge | Jungo\" \/>\n<meta property=\"og:description\" content=\"Konfigurieren Sie Ihren neuen Jungo 3.0 mit dem Online-Konfigurator.\" \/>\n<meta property=\"og:url\" content=\"https:\/\/jungo.eu\/de\/produkte\/\" \/>\n<meta property=\"og:site_name\" content=\"Jungo\" \/>\n<meta property=\"article:modified_time\" content=\"2022-06-08T14:34:52+00:00\" \/>\n<meta property=\"og:image\" content=\"https:\/\/jungo.eu\/wp-content\/uploads\/2022\/03\/btn-subcribe-fr.png\" \/>\n<meta name=\"twitter:card\" content=\"summary_large_image\" \/>\n<meta name=\"twitter:label1\" content=\"Gesch\u00e4tzte Lesezeit\" \/>\n\t<meta name=\"twitter:data1\" content=\"1\u00a0Minute\" \/>\n<script type=\"application\/ld+json\" class=\"yoast-schema-graph\">{\"@context\":\"https:\\\/\\\/schema.org\",\"@graph\":[{\"@type\":\"WebPage\",\"@id\":\"https:\\\/\\\/jungo.eu\\\/de\\\/produkte\\\/\",\"url\":\"https:\\\/\\\/jungo.eu\\\/de\\\/produkte\\\/\",\"name\":\"Produkte \u2013 Multifunktional Elektrofahrzeuge | Jungo\",\"isPartOf\":{\"@id\":\"https:\\\/\\\/jungo.eu\\\/de\\\/#website\"},\"primaryImageOfPage\":{\"@id\":\"https:\\\/\\\/jungo.eu\\\/de\\\/produkte\\\/#primaryimage\"},\"image\":{\"@id\":\"https:\\\/\\\/jungo.eu\\\/de\\\/produkte\\\/#primaryimage\"},\"thumbnailUrl\":\"https:\\\/\\\/jungo.eu\\\/wp-content\\\/uploads\\\/2022\\\/03\\\/btn-subcribe-fr.png\",\"datePublished\":\"2022-06-01T09:42:33+00:00\",\"dateModified\":\"2022-06-08T14:34:52+00:00\",\"description\":\"Konfigurieren Sie Ihren neuen Jungo 3.0 mit dem Online-Konfigurator.\",\"breadcrumb\":{\"@id\":\"https:\\\/\\\/jungo.eu\\\/de\\\/produkte\\\/#breadcrumb\"},\"inLanguage\":\"de\",\"potentialAction\":[{\"@type\":\"ReadAction\",\"target\":[\"https:\\\/\\\/jungo.eu\\\/de\\\/produkte\\\/\"]}]},{\"@type\":\"ImageObject\",\"inLanguage\":\"de\",\"@id\":\"https:\\\/\\\/jungo.eu\\\/de\\\/produkte\\\/#primaryimage\",\"url\":\"https:\\\/\\\/jungo.eu\\\/wp-content\\\/uploads\\\/2022\\\/03\\\/btn-subcribe-fr.png\",\"contentUrl\":\"https:\\\/\\\/jungo.eu\\\/wp-content\\\/uploads\\\/2022\\\/03\\\/btn-subcribe-fr.png\"},{\"@type\":\"BreadcrumbList\",\"@id\":\"https:\\\/\\\/jungo.eu\\\/de\\\/produkte\\\/#breadcrumb\",\"itemListElement\":[{\"@type\":\"ListItem\",\"position\":1,\"name\":\"Accueil\",\"item\":\"https:\\\/\\\/jungo.eu\\\/de\\\/\"},{\"@type\":\"ListItem\",\"position\":2,\"name\":\"Produkte\"}]},{\"@type\":\"WebSite\",\"@id\":\"https:\\\/\\\/jungo.eu\\\/de\\\/#website\",\"url\":\"https:\\\/\\\/jungo.eu\\\/de\\\/\",\"name\":\"Jungo\",\"description\":\"\",\"publisher\":{\"@id\":\"https:\\\/\\\/jungo.eu\\\/de\\\/#organization\"},\"potentialAction\":[{\"@type\":\"SearchAction\",\"target\":{\"@type\":\"EntryPoint\",\"urlTemplate\":\"https:\\\/\\\/jungo.eu\\\/de\\\/?s={search_term_string}\"},\"query-input\":{\"@type\":\"PropertyValueSpecification\",\"valueRequired\":true,\"valueName\":\"search_term_string\"}}],\"inLanguage\":\"de\"},{\"@type\":\"Organization\",\"@id\":\"https:\\\/\\\/jungo.eu\\\/de\\\/#organization\",\"name\":\"Jungo\",\"url\":\"https:\\\/\\\/jungo.eu\\\/de\\\/\",\"logo\":{\"@type\":\"ImageObject\",\"inLanguage\":\"de\",\"@id\":\"https:\\\/\\\/jungo.eu\\\/de\\\/#\\\/schema\\\/logo\\\/image\\\/\",\"url\":\"https:\\\/\\\/jungo.eu\\\/wp-content\\\/uploads\\\/2021\\\/05\\\/logo-jungo-250.png\",\"contentUrl\":\"https:\\\/\\\/jungo.eu\\\/wp-content\\\/uploads\\\/2021\\\/05\\\/logo-jungo-250.png\",\"width\":250,\"height\":142,\"caption\":\"Jungo\"},\"image\":{\"@id\":\"https:\\\/\\\/jungo.eu\\\/de\\\/#\\\/schema\\\/logo\\\/image\\\/\"}}]}<\/script>\n<!-- \/ Yoast SEO plugin. -->","yoast_head_json":{"title":"Produkte \u2013 Multifunktional Elektrofahrzeuge | Jungo","description":"Konfigurieren Sie Ihren neuen Jungo 3.0 mit dem Online-Konfigurator.","robots":{"index":"index","follow":"follow","max-snippet":"max-snippet:-1","max-image-preview":"max-image-preview:large","max-video-preview":"max-video-preview:-1"},"canonical":"https:\/\/jungo.eu\/de\/produkte\/","og_locale":"de_DE","og_type":"article","og_title":"Produkte \u2013 Multifunktional Elektrofahrzeuge | Jungo","og_description":"Konfigurieren Sie Ihren neuen Jungo 3.0 mit dem Online-Konfigurator.","og_url":"https:\/\/jungo.eu\/de\/produkte\/","og_site_name":"Jungo","article_modified_time":"2022-06-08T14:34:52+00:00","og_image":[{"url":"https:\/\/jungo.eu\/wp-content\/uploads\/2022\/03\/btn-subcribe-fr.png","type":"","width":"","height":""}],"twitter_card":"summary_large_image","twitter_misc":{"Gesch\u00e4tzte Lesezeit":"1\u00a0Minute"},"schema":{"@context":"https:\/\/schema.org","@graph":[{"@type":"WebPage","@id":"https:\/\/jungo.eu\/de\/produkte\/","url":"https:\/\/jungo.eu\/de\/produkte\/","name":"Produkte \u2013 Multifunktional Elektrofahrzeuge | Jungo","isPartOf":{"@id":"https:\/\/jungo.eu\/de\/#website"},"primaryImageOfPage":{"@id":"https:\/\/jungo.eu\/de\/produkte\/#primaryimage"},"image":{"@id":"https:\/\/jungo.eu\/de\/produkte\/#primaryimage"},"thumbnailUrl":"https:\/\/jungo.eu\/wp-content\/uploads\/2022\/03\/btn-subcribe-fr.png","datePublished":"2022-06-01T09:42:33+00:00","dateModified":"2022-06-08T14:34:52+00:00","description":"Konfigurieren Sie Ihren neuen Jungo 3.0 mit dem Online-Konfigurator.","breadcrumb":{"@id":"https:\/\/jungo.eu\/de\/produkte\/#breadcrumb"},"inLanguage":"de","potentialAction":[{"@type":"ReadAction","target":["https:\/\/jungo.eu\/de\/produkte\/"]}]},{"@type":"ImageObject","inLanguage":"de","@id":"https:\/\/jungo.eu\/de\/produkte\/#primaryimage","url":"https:\/\/jungo.eu\/wp-content\/uploads\/2022\/03\/btn-subcribe-fr.png","contentUrl":"https:\/\/jungo.eu\/wp-content\/uploads\/2022\/03\/btn-subcribe-fr.png"},{"@type":"BreadcrumbList","@id":"https:\/\/jungo.eu\/de\/produkte\/#breadcrumb","itemListElement":[{"@type":"ListItem","position":1,"name":"Accueil","item":"https:\/\/jungo.eu\/de\/"},{"@type":"ListItem","position":2,"name":"Produkte"}]},{"@type":"WebSite","@id":"https:\/\/jungo.eu\/de\/#website","url":"https:\/\/jungo.eu\/de\/","name":"Jungo","description":"","publisher":{"@id":"https:\/\/jungo.eu\/de\/#organization"},"potentialAction":[{"@type":"SearchAction","target":{"@type":"EntryPoint","urlTemplate":"https:\/\/jungo.eu\/de\/?s={search_term_string}"},"query-input":{"@type":"PropertyValueSpecification","valueRequired":true,"valueName":"search_term_string"}}],"inLanguage":"de"},{"@type":"Organization","@id":"https:\/\/jungo.eu\/de\/#organization","name":"Jungo","url":"https:\/\/jungo.eu\/de\/","logo":{"@type":"ImageObject","inLanguage":"de","@id":"https:\/\/jungo.eu\/de\/#\/schema\/logo\/image\/","url":"https:\/\/jungo.eu\/wp-content\/uploads\/2021\/05\/logo-jungo-250.png","contentUrl":"https:\/\/jungo.eu\/wp-content\/uploads\/2021\/05\/logo-jungo-250.png","width":250,"height":142,"caption":"Jungo"},"image":{"@id":"https:\/\/jungo.eu\/de\/#\/schema\/logo\/image\/"}}]}},"_links":{"self":[{"href":"https:\/\/jungo.eu\/de\/wp-json\/wp\/v2\/pages\/12336","targetHints":{"allow":["GET"]}}],"collection":[{"href":"https:\/\/jungo.eu\/de\/wp-json\/wp\/v2\/pages"}],"about":[{"href":"https:\/\/jungo.eu\/de\/wp-json\/wp\/v2\/types\/page"}],"author":[{"embeddable":true,"href":"https:\/\/jungo.eu\/de\/wp-json\/wp\/v2\/users\/1"}],"replies":[{"embeddable":true,"href":"https:\/\/jungo.eu\/de\/wp-json\/wp\/v2\/comments?post=12336"}],"version-history":[{"count":2,"href":"https:\/\/jungo.eu\/de\/wp-json\/wp\/v2\/pages\/12336\/revisions"}],"predecessor-version":[{"id":12659,"href":"https:\/\/jungo.eu\/de\/wp-json\/wp\/v2\/pages\/12336\/revisions\/12659"}],"wp:attachment":[{"href":"https:\/\/jungo.eu\/de\/wp-json\/wp\/v2\/media?parent=12336"}],"curies":[{"name":"wp","href":"https:\/\/api.w.org\/{rel}","templated":true}]}}